{"id":3030,"date":"2026-02-04T15:13:28","date_gmt":"2026-02-04T15:13:28","guid":{"rendered":"https:\/\/servei.es\/els-nostres-catalegs\/"},"modified":"2026-03-06T12:57:27","modified_gmt":"2026-03-06T12:57:27","slug":"els-nostres-catalegs","status":"publish","type":"page","link":"https:\/\/servei.es\/ca\/els-nostres-catalegs\/","title":{"rendered":"ELS NOSTRES CAT\u00c0LEGS"},"content":{"rendered":"<p>[et_pb_section fb_built=&#8221;1&#8243; admin_label=&#8221;Secci\u00f3n&#8221; _builder_version=&#8221;4.27.4&#8243; _module_preset=&#8221;default&#8221; custom_padding=&#8221;7em|3em|7em|3em|false|false&#8221; custom_padding_phone=&#8221;3em|1em|0em|1em|false|false&#8221; global_colors_info=&#8221;{}&#8221;][et_pb_row column_structure=&#8221;3_5,2_5&#8243; use_custom_gutter=&#8221;on&#8221; gutter_width=&#8221;2&#8243; module_class=&#8221;align-center row-reverse-res&#8221; _builder_version=&#8221;4.27.4&#8243; _module_preset=&#8221;default&#8221; global_colors_info=&#8221;{}&#8221;][et_pb_column type=&#8221;3_5&#8243; _builder_version=&#8221;4.27.4&#8243; _module_preset=&#8221;default&#8221; global_colors_info=&#8221;{}&#8221;][et_pb_text _builder_version=&#8221;4.27.4&#8243; _module_preset=&#8221;default&#8221; text_text_color=&#8221;#E22231&#8243; header_2_font_size=&#8221;40px&#8221; width=&#8221;85%&#8221; custom_margin=&#8221;||18px|||&#8221; hover_enabled=&#8221;0&#8243; global_colors_info=&#8221;{}&#8221; sticky_enabled=&#8221;0&#8243;]<\/p>\n<h2 class=\"wp-block-heading has-custom-color-1-color has-text-color has-x-large-font-size\">Nous cat\u00e0legs!<\/h2>\n<p>[\/et_pb_text][et_pb_text _builder_version=&#8221;4.27.4&#8243; _module_preset=&#8221;default&#8221; global_colors_info=&#8221;{}&#8221;]<\/p>\n<p>Descobreix la nostra \u00e0mplia flota de carretons, plataformes elevadores i manipuladors 4&#215;4, disponible per a tot tipus de projectes.<\/p>\n<p>En aquest cat\u00e0leg podr\u00e0 consultar de manera detallada les especificacions t\u00e8cniques de cada m\u00e0quina, aix\u00ed com les seves caracter\u00edstiques principals, capacitats i aplicacions. El nostre objectiu \u00e9s facilitar-li tota la informaci\u00f3 necess\u00e0ria perqu\u00e8 pugui triar la maquin\u00e0ria que millor s\u2019adapti a les seves necessitats operatives. <\/p>\n<p>[\/et_pb_text][et_pb_button button_text=&#8221;Consultar cat\u00e0leg general&#8221; _builder_version=&#8221;4.27.4&#8243; _module_preset=&#8221;default&#8221; global_colors_info=&#8221;{}&#8221;][\/et_pb_button][et_pb_button button_url=&#8221;&lt;!\u2013&#91;CDATA&#91;https:\/\/servei.es\/wp-content\/uploads\/2026\/01\/Cataleg-castellano-2025.pdf?download=1&#93;&#93;\u2013&gt;&#8221; url_new_window=&#8221;on&#8221; button_text=&#8221;Consultar cat\u00e0leg de plataformes&#8221; _builder_version=&#8221;4.27.4&#8243; _module_preset=&#8221;default&#8221; global_colors_info=&#8221;{}&#8221;][\/et_pb_button][\/et_pb_column][et_pb_column type=&#8221;2_5&#8243; _builder_version=&#8221;4.27.4&#8243; _module_preset=&#8221;default&#8221; global_colors_info=&#8221;{}&#8221;][et_pb_image src=&#8221;https:\/\/servei.es\/wp-content\/uploads\/2026\/02\/Captura-de-pantalla-2026-02-05-135259.png&#8221; title_text=&#8221;cat\u00e0leg de plataformes&#8221; url=&#8221;https:\/\/heyzine.com\/flip-book\/35a7ee6317.html&#8221; url_new_window=&#8221;on&#8221; module_class=&#8221;no-lightbox&#8221; _builder_version=&#8221;4.27.4&#8243; _module_preset=&#8221;default&#8221; hover_enabled=&#8221;0&#8243; custom_css_free_form=&#8221;.no-lightbox a {||    pointer-events: auto !important;||}||&#8221; global_colors_info=&#8221;{}&#8221; sticky_enabled=&#8221;0&#8243;][\/et_pb_image][\/et_pb_column][\/et_pb_row][\/et_pb_section][et_pb_section fb_built=&#8221;1&#8243; admin_label=&#8221;Secci\u00f3n&#8221; _builder_version=&#8221;4.27.4&#8243; _module_preset=&#8221;default&#8221; custom_padding=&#8221;|3em||3em|false|false&#8221; global_colors_info=&#8221;{}&#8221;][et_pb_row column_structure=&#8221;1_5,1_5,1_5,1_5,1_5&#8243; use_custom_gutter=&#8221;on&#8221; gutter_width=&#8221;2&#8243; module_class=&#8221;row-2columnas-res&#8221; _builder_version=&#8221;4.27.4&#8243; _module_preset=&#8221;default&#8221; locked=&#8221;off&#8221; global_colors_info=&#8221;{}&#8221;][et_pb_column type=&#8221;1_5&#8243; _builder_version=&#8221;4.27.4&#8243; _module_preset=&#8221;default&#8221; global_colors_info=&#8221;{}&#8221;][dsm_card title=&#8221;Sabadell&#8221; image=&#8221;https:\/\/servei.es\/wp-content\/uploads\/2025\/02\/location.svg&#8221; image_as_background=&#8221;off&#8221; image_width=&#8221;65%&#8221; content_padding=&#8221;46px|0px|0px|0px|false|false&#8221; button_text=&#8221;Ver en el mapa&#8221; button_url_new_window=&#8221;1&#8243; _builder_version=&#8221;4.27.4&#8243; _module_preset=&#8221;default&#8221; header_level=&#8221;h3&#8243; header_text_color=&#8221;#E22231&#8243; header_font_size=&#8221;24px&#8221; header_line_height=&#8221;1.2em&#8221; body_text_color=&#8221;rgba(0,14,41,0.5)&#8221; body_font_size=&#8221;18px&#8221; body_line_height=&#8221;1.4em&#8221; button_icon=&#8221;&#x26;||divi||400&#8243; animation_style=&#8221;slide&#8221; animation_direction=&#8221;bottom&#8221; animation_duration=&#8221;1100ms&#8221; animation_intensity_slide=&#8221;10%&#8221; locked=&#8221;off&#8221; global_colors_info=&#8221;{}&#8221;]<\/p>\n<p>Carretera Torre Romeu 22-40 Nave 1 08202 Sabadell, Barcelona.<\/p>\n<p>[\/dsm_card][\/et_pb_column][et_pb_column type=&#8221;1_5&#8243; module_class=&#8221;customAcordeon&#8221; _builder_version=&#8221;4.27.4&#8243; _module_preset=&#8221;default&#8221; custom_css_free_form=&#8221;.customAcordeon .et_pb_toggle_title:before {||  left: -50px !important;||}&#8221; global_colors_info=&#8221;{}&#8221;][dsm_card title=&#8221;Girona&#8221; image=&#8221;https:\/\/servei.es\/wp-content\/uploads\/2025\/02\/location.svg&#8221; image_as_background=&#8221;off&#8221; image_width=&#8221;65%&#8221; content_padding=&#8221;46px|0px|0px|0px|false|false&#8221; button_text=&#8221;Ver en el mapa&#8221; button_url_new_window=&#8221;1&#8243; _builder_version=&#8221;4.27.4&#8243; _module_preset=&#8221;default&#8221; header_level=&#8221;h3&#8243; header_text_color=&#8221;#E22231&#8243; header_font_size=&#8221;24px&#8221; header_line_height=&#8221;1.2em&#8221; body_text_color=&#8221;rgba(0,14,41,0.5)&#8221; body_font_size=&#8221;18px&#8221; body_line_height=&#8221;1.4em&#8221; button_icon=&#8221;&#x26;||divi||400&#8243; animation_style=&#8221;slide&#8221; animation_direction=&#8221;bottom&#8221; animation_duration=&#8221;1100ms&#8221; animation_intensity_slide=&#8221;10%&#8221; locked=&#8221;off&#8221; global_colors_info=&#8221;{}&#8221;]<\/p>\n<p>Adri 25 Poligono Industrial Pla de Dalt de Domeny 17007 Girona<\/p>\n<p>[\/dsm_card][\/et_pb_column][et_pb_column type=&#8221;1_5&#8243; module_class=&#8221;customAcordeon&#8221; _builder_version=&#8221;4.27.4&#8243; _module_preset=&#8221;default&#8221; custom_css_free_form=&#8221;.customAcordeon .et_pb_toggle_title:before {||  left: -50px !important;||}&#8221; global_colors_info=&#8221;{}&#8221;][dsm_card title=&#8221;Tarragona&#8221; image=&#8221;https:\/\/servei.es\/wp-content\/uploads\/2025\/02\/location.svg&#8221; image_as_background=&#8221;off&#8221; image_width=&#8221;65%&#8221; content_padding=&#8221;46px|0px|0px|0px|false|false&#8221; button_text=&#8221;Ver en el mapa&#8221; button_url_new_window=&#8221;1&#8243; _builder_version=&#8221;4.27.4&#8243; _module_preset=&#8221;default&#8221; header_level=&#8221;h3&#8243; header_text_color=&#8221;#E22231&#8243; header_font_size=&#8221;24px&#8221; header_line_height=&#8221;1.2em&#8221; body_text_color=&#8221;rgba(0,14,41,0.5)&#8221; body_font_size=&#8221;18px&#8221; body_line_height=&#8221;1.4em&#8221; button_icon=&#8221;&#x26;||divi||400&#8243; animation_style=&#8221;slide&#8221; animation_direction=&#8221;bottom&#8221; animation_duration=&#8221;1100ms&#8221; animation_intensity_slide=&#8221;10%&#8221; locked=&#8221;off&#8221; global_colors_info=&#8221;{}&#8221;]<\/p>\n<p>Poligono Industrial Riu Clar C\/Sofre, 28 Nave 11 43006 Tarragona<\/p>\n<p>[\/dsm_card][\/et_pb_column][et_pb_column type=&#8221;1_5&#8243; module_class=&#8221;customAcordeon&#8221; _builder_version=&#8221;4.27.4&#8243; _module_preset=&#8221;default&#8221; custom_css_free_form=&#8221;.customAcordeon .et_pb_toggle_title:before {||  left: -50px !important;||}&#8221; global_colors_info=&#8221;{}&#8221;][dsm_card title=&#8221;Osona&#8221; image=&#8221;https:\/\/servei.es\/wp-content\/uploads\/2025\/02\/location.svg&#8221; image_as_background=&#8221;off&#8221; image_width=&#8221;65%&#8221; content_padding=&#8221;46px|0px|0px|0px|false|false&#8221; button_text=&#8221;Ver en el mapa&#8221; button_url_new_window=&#8221;1&#8243; _builder_version=&#8221;4.27.4&#8243; _module_preset=&#8221;default&#8221; header_level=&#8221;h3&#8243; header_text_color=&#8221;#E22231&#8243; header_font_size=&#8221;24px&#8221; header_line_height=&#8221;1.2em&#8221; body_text_color=&#8221;rgba(0,14,41,0.5)&#8221; body_font_size=&#8221;18px&#8221; body_line_height=&#8221;1.4em&#8221; button_icon=&#8221;&#x26;||divi||400&#8243; animation_style=&#8221;slide&#8221; animation_direction=&#8221;bottom&#8221; animation_duration=&#8221;1100ms&#8221; animation_intensity_slide=&#8221;10%&#8221; locked=&#8221;off&#8221; global_colors_info=&#8221;{}&#8221;]<\/p>\n<p>Carrer Ram\u00f3n i Cajal, 83 08500 Vic<\/p>\n<p>[\/dsm_card][\/et_pb_column][et_pb_column type=&#8221;1_5&#8243; module_class=&#8221;customAcordeon&#8221; _builder_version=&#8221;4.27.4&#8243; _module_preset=&#8221;default&#8221; custom_css_free_form=&#8221;.customAcordeon .et_pb_toggle_title:before {||  left: -50px !important;||}&#8221; global_colors_info=&#8221;{}&#8221;][dsm_card title=&#8221;Lleida&#8221; image=&#8221;https:\/\/servei.es\/wp-content\/uploads\/2025\/02\/location.svg&#8221; image_as_background=&#8221;off&#8221; image_width=&#8221;65%&#8221; content_padding=&#8221;46px|0px|0px|0px|false|false&#8221; button_text=&#8221;Ver en el mapa&#8221; button_url_new_window=&#8221;1&#8243; _builder_version=&#8221;4.27.4&#8243; _module_preset=&#8221;default&#8221; header_level=&#8221;h3&#8243; header_text_color=&#8221;#E22231&#8243; header_font_size=&#8221;24px&#8221; header_line_height=&#8221;1.2em&#8221; body_text_color=&#8221;rgba(0,14,41,0.5)&#8221; body_font_size=&#8221;18px&#8221; body_line_height=&#8221;1.4em&#8221; button_icon=&#8221;&#x26;||divi||400&#8243; animation_style=&#8221;slide&#8221; animation_direction=&#8221;bottom&#8221; animation_duration=&#8221;1100ms&#8221; animation_intensity_slide=&#8221;10%&#8221; locked=&#8221;off&#8221; global_colors_info=&#8221;{}&#8221;]Av. Ind\u00fastria, 503<br \/>\n25191 Lleida[\/dsm_card][\/et_pb_column][\/et_pb_row][\/et_pb_section][et_pb_section fb_built=&#8221;1&#8243; _builder_version=&#8221;4.27.4&#8243; _module_preset=&#8221;default&#8221; background_image=&#8221;https:\/\/servei.es\/wp-content\/uploads\/2025\/02\/footer.jpg&#8221; custom_padding=&#8221;3em|1em|3em|1em|false|false&#8221; global_colors_info=&#8221;{}&#8221;][et_pb_row column_structure=&#8221;2_5,3_5&#8243; use_custom_gutter=&#8221;on&#8221; gutter_width=&#8221;2&#8243; _builder_version=&#8221;4.27.4&#8243; _module_preset=&#8221;default&#8221; global_colors_info=&#8221;{}&#8221;][et_pb_column type=&#8221;2_5&#8243; _builder_version=&#8221;4.27.4&#8243; _module_preset=&#8221;default&#8221; global_colors_info=&#8221;{}&#8221;][et_pb_text _builder_version=&#8221;4.27.4&#8243; _module_preset=&#8221;default&#8221; header_2_font_size=&#8221;40px&#8221; width=&#8221;85%&#8221; locked=&#8221;off&#8221; global_colors_info=&#8221;{}&#8221;]<\/p>\n<h2>Estem aqu\u00ed per ajudar-te<\/h2>\n<p>[\/et_pb_text][et_pb_text _builder_version=&#8221;4.27.4&#8243; _module_preset=&#8221;default&#8221; text_font_size=&#8221;18px&#8221; header_2_font_size=&#8221;40px&#8221; width=&#8221;85%&#8221; locked=&#8221;off&#8221; global_colors_info=&#8221;{}&#8221;]<\/p>\n<p>Si necessites m\u00e9s informaci\u00f3 sobre els nostres serveis, vols sol\u00b7licitar un pressupost personalitzat o tens qualsevol altra consulta, no dubtis a posar-te en contacte amb nosaltres.<\/p>\n<p>[\/et_pb_text][et_pb_text _builder_version=&#8221;4.27.4&#8243; _module_preset=&#8221;default&#8221; text_text_color=&#8221;#E22231&#8243; header_2_font_size=&#8221;40px&#8221; width=&#8221;85%&#8221; custom_margin=&#8221;2em||0px||false|false&#8221; locked=&#8221;off&#8221; global_colors_info=&#8221;{}&#8221;]<\/p>\n<p>900 828 700<br \/>comercial@servei.es<\/p>\n<p>[\/et_pb_text][et_pb_social_media_follow icon_color=&#8221;#E22231&#8243; use_icon_font_size=&#8221;on&#8221; icon_font_size=&#8221;22px&#8221; _builder_version=&#8221;4.27.4&#8243; _module_preset=&#8221;default&#8221; background_enable_color=&#8221;off&#8221; locked=&#8221;off&#8221; global_colors_info=&#8221;{}&#8221;][et_pb_social_media_follow_network social_network=&#8221;instagram&#8221; _builder_version=&#8221;4.27.4&#8243; _module_preset=&#8221;default&#8221; background_enable_color=&#8221;off&#8221; custom_margin=&#8221;0px|0px|0px|-5px|false|false&#8221; custom_padding=&#8221;0px|0px|0px|0px|false|false&#8221; global_colors_info=&#8221;{}&#8221; follow_button=&#8221;off&#8221; url_new_window=&#8221;on&#8221;]instagram[\/et_pb_social_media_follow_network][et_pb_social_media_follow_network social_network=&#8221;linkedin&#8221; _builder_version=&#8221;4.27.4&#8243; _module_preset=&#8221;default&#8221; background_enable_color=&#8221;off&#8221; global_colors_info=&#8221;{}&#8221; follow_button=&#8221;off&#8221; url_new_window=&#8221;on&#8221;]linkedin[\/et_pb_social_media_follow_network][\/et_pb_social_media_follow][dsm_icon_list _builder_version=&#8221;4.27.4&#8243; _module_preset=&#8221;default&#8221; animation_style=&#8221;slide&#8221; animation_direction=&#8221;bottom&#8221; animation_duration=&#8221;1100ms&#8221; animation_intensity_slide=&#8221;10%&#8221; global_colors_info=&#8221;{}&#8221;][\/dsm_icon_list][\/et_pb_column][et_pb_column type=&#8221;3_5&#8243; module_class=&#8221;customAcordeon&#8221; _builder_version=&#8221;4.27.4&#8243; _module_preset=&#8221;default&#8221; custom_css_free_form=&#8221;.customAcordeon .et_pb_toggle_title:before {||  left: -50px !important;||}&#8221; global_colors_info=&#8221;{}&#8221;][dsm_contact_form_7 cf7_library=&#8221;10&#8243; show_validation=&#8221;on&#8221; input_background_color=&#8221;#FFFFFF&#8221; validation_error_background_color=&#8221;#FDF0F1&#8243; validation_success_background_color=&#8221;#8ee87a&#8221; module_class=&#8221;footer_contact cf7_2columnas&#8221; _builder_version=&#8221;4.27.4&#8243; _module_preset=&#8221;default&#8221; input_textarea_select_text_color=&#8221;#000E29&#8243; input_textarea_select_font_size=&#8221;16px&#8221; radio_checkbox_text_color=&#8221;#FFFFFF&#8221; radio_checkbox_font_size=&#8221;16px&#8221; error_msg_text_color=&#8221;#E22231&#8243; error_msg_line_height=&#8221;1em&#8221; success_validation_text_align=&#8221;center&#8221; success_validation_text_color=&#8221;#FFFFFF&#8221; custom_button_one=&#8221;on&#8221; button_one_text_size=&#8221;18px&#8221; button_one_text_color=&#8221;#FFFFFF&#8221; button_one_bg_color=&#8221;#E22231&#8243; button_one_border_width=&#8221;0px&#8221; button_one_border_radius=&#8221;0px&#8221; button_one_use_icon=&#8221;off&#8221; button_one_custom_padding=&#8221;18px|52px|18px|52px|false|true&#8221; animation_style=&#8221;slide&#8221; animation_direction=&#8221;bottom&#8221; animation_duration=&#8221;1100ms&#8221; animation_intensity_slide=&#8221;10%&#8221; radio_checkbox_text_shadow_style=&#8221;preset1&#8243; radio_checkbox_text_shadow_blur_strength=&#8221;0.5em&#8221; border_width_all_image=&#8221;1px&#8221; border_color_all_image=&#8221;RGBA(0,14,41,0.25)&#8221; border_radii_error_validation=&#8221;on|8px|8px|8px|8px&#8221; border_width_all_error_validation=&#8221;8px&#8221; border_color_all_error_validation=&#8221;#FDF0F1&#8243; border_radii_validation_success=&#8221;on|5px|5px|5px|5px&#8221; border_width_all_validation_success=&#8221;5px&#8221; border_color_all_validation_success=&#8221;#8ee87a&#8221; global_colors_info=&#8221;{}&#8221; button_one_bg_color__hover_enabled=&#8221;on|desktop&#8221; button_one_bg_color__hover=&#8221;#000E29&#8243; button_one_bg_enable_color__hover=&#8221;on&#8221;][\/dsm_contact_form_7][\/et_pb_column][\/et_pb_row][\/et_pb_section]<\/p>\n","protected":false},"excerpt":{"rendered":"<p>Nous cat\u00e0legs!Descobreix la nostra \u00e0mplia flota de carretons, plataformes elevadores i manipuladors 4&#215;4, disponible per a tot tipus de projectes. En aquest cat\u00e0leg podr\u00e0 consultar de manera detallada les especificacions t\u00e8cniques de cada m\u00e0quina, aix\u00ed com les seves caracter\u00edstiques principals, capacitats i aplicacions. El nostre objectiu \u00e9s facilitar-li tota la informaci\u00f3 necess\u00e0ria perqu\u00e8 pugui triar la maquin\u00e0ria que millor s\u2019adapti a les seves necessitats operatives. <div class=\"et_pb_module dsm_card dsm_card_0 et_animated et_pb_bg_layout_light  dsm_card_layout_stacked\">\n\t\t\t\t\n\t\t\t\t\n\t\t\t\t\n\t\t\t\t\n\t\t\t\t\n\t\t\t\t\n\t\t\t\t<div class=\"et_pb_module_inner\">\n\t\t\t\t\t\n\t\t\t\n\t\t\t<figure class=\"dsm_card_image_wrapper dsm_card_badge_top_right\"><img decoding=\"async\" src=\"https:\/\/servei.es\/wp-content\/uploads\/2025\/02\/location.svg\" alt=\"\" class=\"dsm_card_img dsm_card_image_stretch\" \/><\/figure>\n\t\t\t<div class=\"et_pb_module dsm_card_wrapper et_pb_text_align_left\">\n\t\t\t\t\t\n\t\t\t\t\t<h3 class=\"dsm_card_title et_pb_module_header\">Sabadell<\/h3>\n\t\t\t\t\t\n\t\t\t\t\t<div class=\"dsm_card_description\">Carretera Torre Romeu 22-40 Nave 1 08202 Sabadell, Barcelona.<\/div>\n\t\t\t\t\t<div class=\"et_pb_button_wrapper\"><a class=\"et_pb_button et_pb_more_button \" href=\"\" data-icon=\"&#x26;\">Ver en el mapa<\/a><\/div>\n\t\t\t\t<\/div>\n\t\t\t\n\t\t\t\t<\/div>\n\t\t\t<\/div><div class=\"et_pb_module dsm_card dsm_card_1 et_animated et_pb_bg_layout_light  dsm_card_layout_stacked\">\n\t\t\t\t\n\t\t\t\t\n\t\t\t\t\n\t\t\t\t\n\t\t\t\t\n\t\t\t\t\n\t\t\t\t<div class=\"et_pb_module_inner\">\n\t\t\t\t\t\n\t\t\t\n\t\t\t<figure class=\"dsm_card_image_wrapper dsm_card_badge_top_right\"><img decoding=\"async\" src=\"https:\/\/servei.es\/wp-content\/uploads\/2025\/02\/location.svg\" alt=\"\" class=\"dsm_card_img dsm_card_image_stretch\" \/><\/figure>\n\t\t\t<div class=\"et_pb_module dsm_card_wrapper et_pb_text_align_left\">\n\t\t\t\t\t\n\t\t\t\t\t<h3 class=\"dsm_card_title et_pb_module_header\">Girona<\/h3>\n\t\t\t\t\t\n\t\t\t\t\t<div class=\"dsm_card_description\">Adri 25 Poligono Industrial Pla de Dalt de Domeny 17007 Girona<\/div>\n\t\t\t\t\t<div class=\"et_pb_button_wrapper\"><a class=\"et_pb_button et_pb_more_button \" href=\"\" data-icon=\"&#x26;\">Ver en el mapa<\/a><\/div>\n\t\t\t\t<\/div>\n\t\t\t\n\t\t\t\t<\/div>\n\t\t\t<\/div><div class=\"et_pb_module dsm_card dsm_card_2 et_animated et_pb_bg_layout_light  dsm_card_layout_stacked\">\n\t\t\t\t\n\t\t\t\t\n\t\t\t\t\n\t\t\t\t\n\t\t\t\t\n\t\t\t\t\n\t\t\t\t<div class=\"et_pb_module_inner\">\n\t\t\t\t\t\n\t\t\t\n\t\t\t<figure class=\"dsm_card_image_wrapper dsm_card_badge_top_right\"><img decoding=\"async\" src=\"https:\/\/servei.es\/wp-content\/uploads\/2025\/02\/location.svg\" alt=\"\" class=\"dsm_card_img dsm_card_image_stretch\" \/><\/figure>\n\t\t\t<div class=\"et_pb_module dsm_card_wrapper et_pb_text_align_left\">\n\t\t\t\t\t\n\t\t\t\t\t<h3 class=\"dsm_card_title et_pb_module_header\">Tarragona<\/h3>\n\t\t\t\t\t\n\t\t\t\t\t<div class=\"dsm_card_description\">Poligono Industrial Riu Clar C\/Sofre, 28 Nave 11 43006 Tarragona<\/div>\n\t\t\t\t\t<div class=\"et_pb_button_wrapper\"><a class=\"et_pb_button et_pb_more_button \" href=\"\" data-icon=\"&#x26;\">Ver en el mapa<\/a><\/div>\n\t\t\t\t<\/div>\n\t\t\t\n\t\t\t\t<\/div>\n\t\t\t<\/div><div class=\"et_pb_module dsm_card dsm_card_3 et_animated et_pb_bg_layout_light  dsm_card_layout_stacked\">\n\t\t\t\t\n\t\t\t\t\n\t\t\t\t\n\t\t\t\t\n\t\t\t\t\n\t\t\t\t\n\t\t\t\t<div class=\"et_pb_module_inner\">\n\t\t\t\t\t\n\t\t\t\n\t\t\t<figure class=\"dsm_card_image_wrapper dsm_card_badge_top_right\"><img decoding=\"async\" src=\"https:\/\/servei.es\/wp-content\/uploads\/2025\/02\/location.svg\" alt=\"\" class=\"dsm_card_img dsm_card_image_stretch\" \/><\/figure>\n\t\t\t<div class=\"et_pb_module dsm_card_wrapper et_pb_text_align_left\">\n\t\t\t\t\t\n\t\t\t\t\t<h3 class=\"dsm_card_title et_pb_module_header\">Osona<\/h3>\n\t\t\t\t\t\n\t\t\t\t\t\n\t\t\t\t\t<div class=\"et_pb_button_wrapper\"><a class=\"et_pb_button et_pb_more_button \" href=\"\" data-icon=\"&#x26;\">Ver en el mapa<\/a><\/div>\n\t\t\t\t<\/div>\n\t\t\t\n\t\t\t\t<\/div>\n\t\t\t<\/div>Carrer Ram\u00f3n i Cajal, [&hellip;]<\/p>\n","protected":false},"author":6,"featured_media":0,"parent":0,"menu_order":0,"comment_status":"closed","ping_status":"closed","template":"","meta":{"_acf_changed":false,"_et_pb_use_builder":"on","_et_pb_old_content":"","_et_gb_content_width":"","footnotes":""},"class_list":["post-3030","page","type-page","status-publish","hentry"],"acf":[],"yoast_head":"<!-- This site is optimized with the Yoast SEO plugin v27.0 - https:\/\/yoast.com\/product\/yoast-seo-wordpress\/ -->\n<title>ELS NOSTRES CAT\u00c0LEGS - Servei<\/title>\n<meta name=\"robots\" content=\"index, follow, max-snippet:-1, max-image-preview:large, max-video-preview:-1\" \/>\n<link rel=\"canonical\" href=\"https:\/\/servei.es\/ca\/els-nostres-catalegs\/\" \/>\n<meta property=\"og:locale\" content=\"ca_ES\" \/>\n<meta property=\"og:type\" content=\"article\" \/>\n<meta property=\"og:title\" content=\"ELS NOSTRES CAT\u00c0LEGS - Servei\" \/>\n<meta property=\"og:description\" content=\"Nous cat\u00e0legs!Descobreix la nostra \u00e0mplia flota de carretons, plataformes elevadores i manipuladors 4x4, disponible per a tot tipus de projectes. En aquest cat\u00e0leg podr\u00e0 consultar de manera detallada les especificacions t\u00e8cniques de cada m\u00e0quina, aix\u00ed com les seves caracter\u00edstiques principals, capacitats i aplicacions. El nostre objectiu \u00e9s facilitar-li tota la informaci\u00f3 necess\u00e0ria perqu\u00e8 pugui triar la maquin\u00e0ria que millor s\u2019adapti a les seves necessitats operatives. Carrer Ram\u00f3n i Cajal, [&hellip;]\" \/>\n<meta property=\"og:url\" content=\"https:\/\/servei.es\/ca\/els-nostres-catalegs\/\" \/>\n<meta property=\"og:site_name\" content=\"Servei\" \/>\n<meta property=\"article:modified_time\" content=\"2026-03-06T12:57:27+00:00\" \/>\n<meta name=\"twitter:card\" content=\"summary_large_image\" \/>\n<meta name=\"twitter:label1\" content=\"Temps estimat de lectura\" \/>\n\t<meta name=\"twitter:data1\" content=\"8 minuts\" \/>\n<script type=\"application\/ld+json\" class=\"yoast-schema-graph\">{\"@context\":\"https:\/\/schema.org\",\"@graph\":[{\"@type\":\"WebPage\",\"@id\":\"https:\/\/servei.es\/ca\/els-nostres-catalegs\/\",\"url\":\"https:\/\/servei.es\/ca\/els-nostres-catalegs\/\",\"name\":\"ELS NOSTRES CAT\u00c0LEGS - Servei\",\"isPartOf\":{\"@id\":\"https:\/\/servei.es\/#website\"},\"datePublished\":\"2026-02-04T15:13:28+00:00\",\"dateModified\":\"2026-03-06T12:57:27+00:00\",\"breadcrumb\":{\"@id\":\"https:\/\/servei.es\/ca\/els-nostres-catalegs\/#breadcrumb\"},\"inLanguage\":\"ca\",\"potentialAction\":[{\"@type\":\"ReadAction\",\"target\":[\"https:\/\/servei.es\/ca\/els-nostres-catalegs\/\"]}]},{\"@type\":\"BreadcrumbList\",\"@id\":\"https:\/\/servei.es\/ca\/els-nostres-catalegs\/#breadcrumb\",\"itemListElement\":[{\"@type\":\"ListItem\",\"position\":1,\"name\":\"Portada\",\"item\":\"https:\/\/servei.es\/\"},{\"@type\":\"ListItem\",\"position\":2,\"name\":\"ELS NOSTRES CAT\u00c0LEGS\"}]},{\"@type\":\"WebSite\",\"@id\":\"https:\/\/servei.es\/#website\",\"url\":\"https:\/\/servei.es\/\",\"name\":\"Servei\",\"description\":\"\",\"potentialAction\":[{\"@type\":\"SearchAction\",\"target\":{\"@type\":\"EntryPoint\",\"urlTemplate\":\"https:\/\/servei.es\/?s={search_term_string}\"},\"query-input\":{\"@type\":\"PropertyValueSpecification\",\"valueRequired\":true,\"valueName\":\"search_term_string\"}}],\"inLanguage\":\"ca\"}]}<\/script>\n<!-- \/ Yoast SEO plugin. -->","yoast_head_json":{"title":"ELS NOSTRES CAT\u00c0LEGS - Servei","robots":{"index":"index","follow":"follow","max-snippet":"max-snippet:-1","max-image-preview":"max-image-preview:large","max-video-preview":"max-video-preview:-1"},"canonical":"https:\/\/servei.es\/ca\/els-nostres-catalegs\/","og_locale":"ca_ES","og_type":"article","og_title":"ELS NOSTRES CAT\u00c0LEGS - Servei","og_description":"Nous cat\u00e0legs!Descobreix la nostra \u00e0mplia flota de carretons, plataformes elevadores i manipuladors 4x4, disponible per a tot tipus de projectes. En aquest cat\u00e0leg podr\u00e0 consultar de manera detallada les especificacions t\u00e8cniques de cada m\u00e0quina, aix\u00ed com les seves caracter\u00edstiques principals, capacitats i aplicacions. El nostre objectiu \u00e9s facilitar-li tota la informaci\u00f3 necess\u00e0ria perqu\u00e8 pugui triar la maquin\u00e0ria que millor s\u2019adapti a les seves necessitats operatives. Carrer Ram\u00f3n i Cajal, [&hellip;]","og_url":"https:\/\/servei.es\/ca\/els-nostres-catalegs\/","og_site_name":"Servei","article_modified_time":"2026-03-06T12:57:27+00:00","twitter_card":"summary_large_image","twitter_misc":{"Temps estimat de lectura":"8 minuts"},"schema":{"@context":"https:\/\/schema.org","@graph":[{"@type":"WebPage","@id":"https:\/\/servei.es\/ca\/els-nostres-catalegs\/","url":"https:\/\/servei.es\/ca\/els-nostres-catalegs\/","name":"ELS NOSTRES CAT\u00c0LEGS - Servei","isPartOf":{"@id":"https:\/\/servei.es\/#website"},"datePublished":"2026-02-04T15:13:28+00:00","dateModified":"2026-03-06T12:57:27+00:00","breadcrumb":{"@id":"https:\/\/servei.es\/ca\/els-nostres-catalegs\/#breadcrumb"},"inLanguage":"ca","potentialAction":[{"@type":"ReadAction","target":["https:\/\/servei.es\/ca\/els-nostres-catalegs\/"]}]},{"@type":"BreadcrumbList","@id":"https:\/\/servei.es\/ca\/els-nostres-catalegs\/#breadcrumb","itemListElement":[{"@type":"ListItem","position":1,"name":"Portada","item":"https:\/\/servei.es\/"},{"@type":"ListItem","position":2,"name":"ELS NOSTRES CAT\u00c0LEGS"}]},{"@type":"WebSite","@id":"https:\/\/servei.es\/#website","url":"https:\/\/servei.es\/","name":"Servei","description":"","potentialAction":[{"@type":"SearchAction","target":{"@type":"EntryPoint","urlTemplate":"https:\/\/servei.es\/?s={search_term_string}"},"query-input":{"@type":"PropertyValueSpecification","valueRequired":true,"valueName":"search_term_string"}}],"inLanguage":"ca"}]}},"_links":{"self":[{"href":"https:\/\/servei.es\/ca\/wp-json\/wp\/v2\/pages\/3030","targetHints":{"allow":["GET"]}}],"collection":[{"href":"https:\/\/servei.es\/ca\/wp-json\/wp\/v2\/pages"}],"about":[{"href":"https:\/\/servei.es\/ca\/wp-json\/wp\/v2\/types\/page"}],"author":[{"embeddable":true,"href":"https:\/\/servei.es\/ca\/wp-json\/wp\/v2\/users\/6"}],"replies":[{"embeddable":true,"href":"https:\/\/servei.es\/ca\/wp-json\/wp\/v2\/comments?post=3030"}],"version-history":[{"count":2,"href":"https:\/\/servei.es\/ca\/wp-json\/wp\/v2\/pages\/3030\/revisions"}],"predecessor-version":[{"id":3032,"href":"https:\/\/servei.es\/ca\/wp-json\/wp\/v2\/pages\/3030\/revisions\/3032"}],"wp:attachment":[{"href":"https:\/\/servei.es\/ca\/wp-json\/wp\/v2\/media?parent=3030"}],"curies":[{"name":"wp","href":"https:\/\/api.w.org\/{rel}","templated":true}]}}