{"id":1979,"date":"2025-03-25T08:35:37","date_gmt":"2025-03-25T08:35:37","guid":{"rendered":"https:\/\/servei.es\/politica-de-privadesa\/"},"modified":"2025-05-23T11:51:07","modified_gmt":"2025-05-23T11:51:07","slug":"politica-de-privadesa","status":"publish","type":"page","link":"https:\/\/servei.es\/ca\/politica-de-privadesa\/","title":{"rendered":"Pol\u00edtica de privadesa"},"content":{"rendered":"<p>[et_pb_section fb_built=&#8221;1&#8243; admin_label=&#8221;Secci\u00f3n&#8221; _builder_version=&#8221;4.27.4&#8243; _module_preset=&#8221;default&#8221; custom_padding=&#8221;7em||||false|false&#8221; global_colors_info=&#8221;{}&#8221;][et_pb_row make_equal=&#8221;on&#8221; module_class=&#8221;align-center&#8221; _builder_version=&#8221;4.27.4&#8243; _module_preset=&#8221;default&#8221; width=&#8221;auto&#8221; global_colors_info=&#8221;{}&#8221;][et_pb_column type=&#8221;4_4&#8243; _builder_version=&#8221;4.27.4&#8243; _module_preset=&#8221;default&#8221; global_colors_info=&#8221;{}&#8221;][et_pb_text _builder_version=&#8221;4.27.4&#8243; _module_preset=&#8221;default&#8221; header_2_font_size=&#8221;40px&#8221; width=&#8221;85%&#8221; custom_margin=&#8221;||18px|||&#8221; hover_enabled=&#8221;0&#8243; global_colors_info=&#8221;{}&#8221; sticky_enabled=&#8221;0&#8243;]<\/p>\n<h1>Pol\u00edtica Privadesa<\/h1>\n<p>[\/et_pb_text][et_pb_text _builder_version=&#8221;4.27.4&#8243; _module_preset=&#8221;default&#8221; header_2_font_size=&#8221;40px&#8221; width=&#8221;85%&#8221; custom_margin=&#8221;||18px|||&#8221; hover_enabled=&#8221;0&#8243; global_colors_info=&#8221;{}&#8221; sticky_enabled=&#8221;0&#8243;]<\/p>\n<h3>1. Identificaci\u00f3 del Responsable del Tractament<\/h3>\n<p>[\/et_pb_text][et_pb_text _builder_version=&#8221;4.27.4&#8243; _module_preset=&#8221;default&#8221; hover_enabled=&#8221;0&#8243; global_colors_info=&#8221;{}&#8221; sticky_enabled=&#8221;0&#8243;]<\/p>\n<p>SERVEI DE REPARACI\u00d3 DE VEHICLES INDUSTRIALS, SA, amb CIF A-58122466 i domicili social a Carretera Torreromeu, 22-40 \u2013 08202, Sabadell (Barcelona) \u00e9s el RESPONSABLE del tractament de les dades personals de l&#8217;USUARI i us informa que aquestes dades seran tractades de conformitat amb el2 abril (GDPR) i la Llei Org\u00e0nica 3\/2018 de 5 de desembre (LOPDGDD).<\/p>\n<p>Podeu contactar amb el Responsable a trav\u00e9s de l&#8217;adre\u00e7a electr\u00f2nica servei@servei.es o si ho preferiu, a trav\u00e9s del nostre n\u00famero de tel\u00e8fon: 902 884 885.<\/p>\n<p>El domicili a efectes de reclamacions correspondr\u00e0 amb l&#8217;indicat com a domicili del titular.<\/p>\n<p>[\/et_pb_text][et_pb_text _builder_version=&#8221;4.27.4&#8243; _module_preset=&#8221;default&#8221; header_2_font_size=&#8221;40px&#8221; width=&#8221;85%&#8221; custom_margin=&#8221;||18px|||&#8221; hover_enabled=&#8221;0&#8243; global_colors_info=&#8221;{}&#8221; sticky_enabled=&#8221;0&#8243;]<\/p>\n<h3>2. Finalitats dels tractaments<\/h3>\n<p>[\/et_pb_text][et_pb_text _builder_version=&#8221;4.27.4&#8243; _module_preset=&#8221;default&#8221; hover_enabled=&#8221;0&#8243; global_colors_info=&#8221;{}&#8221; sticky_enabled=&#8221;0&#8243;]<\/p>\n<p>1. Respondre les q\u00fcestions que linteressat faci arribar al Responsable.<\/p>\n<ol>\n<li style=\"list-style-type: none;\">\n<ol>\n<li>Termini de conservaci\u00f3: Les dades seran conservades fins a resoldre la q\u00fcesti\u00f3 plantejada per linteressat. Posteriorment, en cas que sigui necessari, es mantindr\u00e0 la informaci\u00f3 bloquejada durant els terminis legalment establerts. <\/li>\n<li>Base jur\u00eddica: Inter\u00e8s Leg\u00edtim i Consentiment de linteressat.<\/li>\n<\/ol>\n<\/li>\n<\/ol>\n<p>2. Gestionar la subscripci\u00f3 de l \u201cinteressat al vostre compte de Client o Usuari, aix\u00ed com l\u201d acc\u00e9s als serveis i funcionalitats pr\u00f2pies dels nostres Clients \/ Usuaris.<\/p>\n<ol>\n<li style=\"list-style-type: none;\">\n<ol>\n<li>Termini de conservaci\u00f3: Les dades seran conservades mentre linteressat no revoqui el consentiment atorgat. Posteriorment, en cas que sigui necessari, es mantindr\u00e0 la informaci\u00f3 bloquejada durant els terminis legalment establerts. <\/li>\n<li>Base jur\u00eddica: Consentiment de linteressat.<\/li>\n<\/ol>\n<\/li>\n<\/ol>\n<p>3. Gestionar la participaci\u00f3 de linteressat en els processos de selecci\u00f3 del Responsable.<\/p>\n<ol>\n<li style=\"list-style-type: none;\">\n<ol>\n<li>Termini de conservaci\u00f3: Les dades seran tractades mentre hi hagi un inter\u00e8s per part de l&#8217;interessat, i, en tot cas, per un termini m\u00e0xim de 2 anys. Posteriorment, en cas que sigui necessari, es mantindr\u00e0 la informaci\u00f3 bloquejada durant els terminis legalment establerts. <\/li>\n<li>Base jur\u00eddica: Consentiment de linteressat.<\/li>\n<\/ol>\n<\/li>\n<\/ol>\n<p>4. Remetre a linteressat comunicacions comercials sobre els nostres productes o serveis que puguin ser del seu inter\u00e8s (newsletter).<\/p>\n<ol>\n<li style=\"list-style-type: none;\">\n<ol>\n<li>Termini de conservaci\u00f3: Les dades seran conservades mentre linteressat no revoqui el consentiment atorgat. Posteriorment, en cas que sigui necessari, es mantindr\u00e0 la informaci\u00f3 bloquejada durant els terminis legalment establerts. <\/li>\n<li>Base legitimadora: Consentiment expr\u00e9s de linteressat.<\/li>\n<\/ol>\n<\/li>\n<\/ol>\n<p>[\/et_pb_text][et_pb_text _builder_version=&#8221;4.27.4&#8243; _module_preset=&#8221;default&#8221; header_2_font_size=&#8221;40px&#8221; width=&#8221;85%&#8221; custom_margin=&#8221;||18px|||&#8221; hover_enabled=&#8221;0&#8243; global_colors_info=&#8221;{}&#8221; sticky_enabled=&#8221;0&#8243;]<\/p>\n<h3>3. Destinataris de les vostres dades<\/h3>\n<p>[\/et_pb_text][et_pb_text _builder_version=&#8221;4.27.4&#8243; _module_preset=&#8221;default&#8221; hover_enabled=&#8221;0&#8243; global_colors_info=&#8221;{}&#8221; sticky_enabled=&#8221;0&#8243;]<\/p>\n<p>El Responsable contracta amb tercers encarregats del tractament per poder prestar els seus serveis, com ara:<\/p>\n<p>\u2013 ARSYS.ES, com a prove\u00efdor de correu electr\u00f2nic i allotjament web.<\/p>\n<p>\u2013 Google, consultar<span> <\/span><a href=\"https:\/\/policies.google.com\/technologies\/partner-sites\" target=\"_blank\" data-cmp-ab=\"2\" rel=\"noopener\">Google`s Privacy &amp; Terms site<\/a><\/p>\n<p>A excepci\u00f3 de les entitats esmentades, no se cediran les dades a altres tercers. Si per alguna ra\u00f3 cal comunicar aquestes dades a tercers, se n \u201cinformar\u00e0 pr\u00e8viament i, si s\u201d escau, se \u201cn sol\u00b7licitar\u00e0 el consentiment i s\u201d especificaran les finalitats de la comunicaci\u00f3 i la identitat del tercer al qual seran comunicats. <\/p>\n<p>Tot aix\u00f2, a excepci\u00f3 dels sup\u00f2sits en qu\u00e8 un requeriment legal obligui a comunicar aquestes dades a un tercer.<\/p>\n<p>[\/et_pb_text][et_pb_text _builder_version=&#8221;4.27.4&#8243; _module_preset=&#8221;default&#8221; header_2_font_size=&#8221;40px&#8221; width=&#8221;85%&#8221; custom_margin=&#8221;||18px|||&#8221; hover_enabled=&#8221;0&#8243; global_colors_info=&#8221;{}&#8221; sticky_enabled=&#8221;0&#8243;]<\/p>\n<h3>4. Drets<\/h3>\n<p>[\/et_pb_text][et_pb_text _builder_version=&#8221;4.27.4&#8243; _module_preset=&#8221;default&#8221; hover_enabled=&#8221;0&#8243; global_colors_info=&#8221;{}&#8221; sticky_enabled=&#8221;0&#8243;]<\/p>\n<p>Les persones que ens faciliten les seves dades gaudeixen dels drets seg\u00fcents en relaci\u00f3 amb aquests:<\/p>\n<p>a.Dret d \u201cacc\u00e9s<br \/> b.Dret de rectificaci\u00f3 o supressi\u00f3<br \/> c.Dret a la limitaci\u00f3 del tractament<br \/> d.Dret a la portabilitat<br \/> e.Dret d\u201d oposici\u00f3<br \/> f.Dret a revocar el consentiment<\/p>\n<p>a.<span> <\/span><strong>Dret d&#8217;acc\u00e9s<\/strong> : Qualsevol persona t\u00e9 dret a obtenir del Responsable confirmaci\u00f3 de si s&#8217;estan tractant dades personals o no que li concerneixen i, en aquest cas, dret d&#8217;acc\u00e9s a les dades personals.<br \/> b.<span> <\/span><strong>Dret de rectificaci\u00f3<\/strong> : \u00c9s el dret a obtenir la rectificaci\u00f3 de les dades personals que obrin al nostre poder i que li concerneixin.<br \/> c.<span> <\/span><strong>Dret de supressi\u00f3<\/strong> : \u00c9s el dret a obtenir la supressi\u00f3 de les vostres dades personals.<br \/> d.<span> <\/span><strong>Dret a la limitaci\u00f3 del tractament<\/strong> : \u00c9s el dret que les seves dades deixin de ser objecte de les operacions de tractament corresponents quan es compleixi alguna de les condicions seg\u00fcents:<br \/> d.1. Quan vost\u00e8. hagi exercitat els drets de rectificaci\u00f3 o oposici\u00f3 i el Responsable estigui en proc\u00e9s de determinar si escau la sol\u00b7licitud.<br \/> d.2. Si el tractament de dades fos il\u00b7l\u00edcit, el que implica la supressi\u00f3 de les dades, per\u00f2 vost\u00e8. no vulgueu que les vostres dades siguin suprimides pel Responsable.<br \/> d.3. Quan les dades ja no s\u00f3n necess\u00e0ries per al tractament, implica la supressi\u00f3 de les dades, per\u00f2 vost\u00e8. desitja que el Responsable limiti el tractament dels mateixos i que els conservi per poder formular, exercir o defensar-se de reclamacions.<br \/> e.   <span> <\/span><strong>Dret a la portabilitat<\/strong> : \u00c9s el dret a obtenir del Responsable, en cas de tractament automatitzat de les seves dades, una c\u00f2pia d \u201caquestes en un format estructurat, d\u201d \u00fas com\u00fa i lectura mec\u00e0nica o que aquesta c\u00f2pia es transmeti directament al Responsable que Ud. indiqueu. Tingueu en compte que aquest dret no ser\u00e0 aplicable a:<br \/> e.1. Les dades de terceres persones que vost\u00e8. hagi facilitat al Responsable.<br \/> e.2. Les dades que us incumbeixin, per\u00f2 que hagin estat proporcionades al Responsable per tercers.<br \/> f.   <span> <\/span><strong>Dret d \u201coposici\u00f3<\/strong> : \u00c9s el dret a oposar-se a tractar les vostres dades personals. Pel que fa al tractament que efectua el Responsable, Ud. es pot oposar a l\u201d enviament de comunicacions comercials tant pr\u00f2pies com de tercers. <\/p>\n<p>Si voleu obtenir m\u00e9s informaci\u00f3 sobre els vostres drets, us suggerim que visiteu la p\u00e0gina web de l&#8217;Ag\u00e8ncia Espanyola de Protecci\u00f3 de Dades, aix\u00ed com el Reglament Europeu de Protecci\u00f3 de Dades.<\/p>\n<p>L&#8217;exercici d&#8217;aquests drets es podr\u00e0 fer enviant un correu electr\u00f2nic al nostre servei t\u00e8cnic a servei@servei.es indicant clarament quin dret voleu exercir i aportant una c\u00f2pia del vostre document d&#8217;identitat per acreditar-ne la identificaci\u00f3. Tamb\u00e9 poden adre\u00e7ar-se a trav\u00e9s del correu postal al domicili social del Responsable que figura al punt 1 de la present Pol\u00edtica de Privadesa. <\/p>\n<p>Addicionalment, us informem sobre la possibilitat de presentar una reclamaci\u00f3 davant l \u201cAutoritat de Control competent, en aquest cas, l\u201d Ag\u00e8ncia Espanyola de Protecci\u00f3 de Dades, especialment, en cas que no hagi obtingut satisfacci\u00f3 en l \u201cexercici dels seus drets. Podeu posar-vos en contacte amb l\u201d Ag\u00e8ncia Espanyola de Protecci\u00f3 de Dades a trav\u00e9s dels vostres tel\u00e8fons 901 100 099 i 912 663 517 o visitant-vos a la vostra adre\u00e7a C\/ Jorge Juan, 6. 28001 \u2013 Madrid.  <\/p>\n<p>[\/et_pb_text][et_pb_text _builder_version=&#8221;4.27.4&#8243; _module_preset=&#8221;default&#8221; header_2_font_size=&#8221;40px&#8221; width=&#8221;85%&#8221; custom_margin=&#8221;||18px|||&#8221; hover_enabled=&#8221;0&#8243; global_colors_info=&#8221;{}&#8221; sticky_enabled=&#8221;0&#8243;]<\/p>\n<h3>5. Mesures de seguretat<\/h3>\n<p>[\/et_pb_text][et_pb_text _builder_version=&#8221;4.27.4&#8243; _module_preset=&#8221;default&#8221; hover_enabled=&#8221;0&#8243; global_colors_info=&#8221;{}&#8221; sticky_enabled=&#8221;0&#8243;]<\/p>\n<p>El Responsable garanteix a l \u201cusuari que el tractament que es realitza compleix totes les disposicions de les normatives en mat\u00e8ria de protecci\u00f3 de dades anteriorment citades, GDPR i LOPDGDD, i que les dades s\u00f3n tractades de manera l\u00edcita, lleial i transparent en relaci\u00f3 amb l\u201d interessat i adequades, pertinents i limitades al que \u00e9s necessari en relaci\u00f3 amb els fins per als quals s\u00f3n tractats<\/p>\n<p>Aix\u00ed mateix, el Responsable garanteix que ha implementat pol\u00edtiques t\u00e8cniques i organitzatives apropiades per aplicar les mesures de seguretat que estableixen el GDPR i la LOPDGDD per tal de protegir els drets i les llibertats dels USUARIS i els ha comunicat la informaci\u00f3 adequada perqu\u00e8 puguin exercir-los.<\/p>\n<p>[\/et_pb_text][et_pb_text _builder_version=&#8221;4.27.4&#8243; _module_preset=&#8221;default&#8221; header_2_font_size=&#8221;40px&#8221; width=&#8221;85%&#8221; custom_margin=&#8221;||18px|||&#8221; hover_enabled=&#8221;0&#8243; global_colors_info=&#8221;{}&#8221; sticky_enabled=&#8221;0&#8243;]<\/p>\n<h3>6. Proced\u00e8ncia i Veracitat de les dades<\/h3>\n<p>[\/et_pb_text][et_pb_text _builder_version=&#8221;4.27.4&#8243; _module_preset=&#8221;default&#8221; hover_enabled=&#8221;0&#8243; global_colors_info=&#8221;{}&#8221; sticky_enabled=&#8221;0&#8243;]<\/p>\n<p>La totalitat de les dades recollides procedeixen de linteressat. L \u201cUsuari, mitjan\u00e7ant l\u201d acceptaci\u00f3 de la present Pol\u00edtica de Privadesa, declara i es compromet a garantir la veracitat i exactitud de les dades aportades, aix\u00ed com ser-ne el leg\u00edtim titular. <\/p>\n<p>Aix\u00ed mateix, l&#8217;Usuari es compromet a mantenir actualitzades les vostres dades en tot moment, ia comunicar sense demora al Responsable qualsevol modificaci\u00f3 transcendent, tal com el canvi de titularitat del vostre compte bancari, o la modificaci\u00f3 del vostre compte de correu electr\u00f2nic proporcionat a trav\u00e9s dels pertinents formularis allotjats a la web.<\/p>\n<p>En aquest sentit, l \u201cUsuari ser\u00e0 l\u201d \u00fanic responsable de l \u201cincompliment del previst anteriorment, exonerant el Responsable de tota responsabilitat respecte a aquestes dades que l\u201d Usuari no li hagi comunicat pr\u00e8viament.<\/p>\n<p>[\/et_pb_text][\/et_pb_column][\/et_pb_row][\/et_pb_section]<\/p>\n","protected":false},"excerpt":{"rendered":"<p>Pol\u00edtica Privadesa1. Identificaci\u00f3 del Responsable del TractamentSERVEI DE REPARACI\u00d3 DE VEHICLES INDUSTRIALS, SA, amb CIF A-58122466 i domicili social a Carretera Torreromeu, 22-40 \u2013 08202, Sabadell (Barcelona) \u00e9s el RESPONSABLE del tractament de les dades personals de l&#8217;USUARI i us informa que aquestes dades seran tractades de conformitat amb el2 abril (GDPR) i la Llei Org\u00e0nica 3\/2018 de 5 de desembre (LOPDGDD). Podeu contactar amb el Responsable a trav\u00e9s de l&#8217;adre\u00e7a electr\u00f2nica servei@servei.es o si ho preferiu, a trav\u00e9s del nostre n\u00famero de tel\u00e8fon: 902 884 885. El domicili a efectes de reclamacions correspondr\u00e0 amb l&#8217;indicat com a domicili del titular.2. Finalitats dels tractaments1. Respondre les q\u00fcestions que linteressat faci arribar al Responsable. Termini de conservaci\u00f3: Les dades seran conservades fins a resoldre la q\u00fcesti\u00f3 plantejada per linteressat. Posteriorment, en cas que sigui necessari, es mantindr\u00e0 la informaci\u00f3 bloquejada durant els terminis legalment establerts. Base jur\u00eddica: Inter\u00e8s Leg\u00edtim i Consentiment de linteressat. 2. Gestionar la subscripci\u00f3 de l \u201cinteressat al vostre compte de Client o Usuari, aix\u00ed com l\u201d acc\u00e9s als serveis i funcionalitats pr\u00f2pies dels nostres Clients \/ Usuaris. Termini de conservaci\u00f3: Les dades seran conservades mentre linteressat no revoqui el consentiment atorgat. Posteriorment, en cas que sigui necessari, [&hellip;]<\/p>\n","protected":false},"author":2,"featured_media":0,"parent":0,"menu_order":0,"comment_status":"closed","ping_status":"closed","template":"","meta":{"_acf_changed":false,"_et_pb_use_builder":"on","_et_pb_old_content":"","_et_gb_content_width":"","footnotes":""},"class_list":["post-1979","page","type-page","status-publish","hentry"],"acf":[],"yoast_head":"<!-- This site is optimized with the Yoast SEO plugin v27.0 - https:\/\/yoast.com\/product\/yoast-seo-wordpress\/ -->\n<title>Pol\u00edtica de privadesa - Servei<\/title>\n<meta name=\"robots\" content=\"index, follow, max-snippet:-1, max-image-preview:large, max-video-preview:-1\" \/>\n<link rel=\"canonical\" href=\"https:\/\/servei.es\/ca\/politica-de-privadesa\/\" \/>\n<meta property=\"og:locale\" content=\"ca_ES\" \/>\n<meta property=\"og:type\" content=\"article\" \/>\n<meta property=\"og:title\" content=\"Pol\u00edtica de privadesa - Servei\" \/>\n<meta property=\"og:description\" content=\"Pol\u00edtica Privadesa1. Identificaci\u00f3 del Responsable del TractamentSERVEI DE REPARACI\u00d3 DE VEHICLES INDUSTRIALS, SA, amb CIF A-58122466 i domicili social a Carretera Torreromeu, 22-40 \u2013 08202, Sabadell (Barcelona) \u00e9s el RESPONSABLE del tractament de les dades personals de l&#039;USUARI i us informa que aquestes dades seran tractades de conformitat amb el2 abril (GDPR) i la Llei Org\u00e0nica 3\/2018 de 5 de desembre (LOPDGDD). Podeu contactar amb el Responsable a trav\u00e9s de l&#039;adre\u00e7a electr\u00f2nica servei@servei.es o si ho preferiu, a trav\u00e9s del nostre n\u00famero de tel\u00e8fon: 902 884 885. El domicili a efectes de reclamacions correspondr\u00e0 amb l&#039;indicat com a domicili del titular.2. Finalitats dels tractaments1. Respondre les q\u00fcestions que linteressat faci arribar al Responsable. Termini de conservaci\u00f3: Les dades seran conservades fins a resoldre la q\u00fcesti\u00f3 plantejada per linteressat. Posteriorment, en cas que sigui necessari, es mantindr\u00e0 la informaci\u00f3 bloquejada durant els terminis legalment establerts. Base jur\u00eddica: Inter\u00e8s Leg\u00edtim i Consentiment de linteressat. 2. Gestionar la subscripci\u00f3 de l \u201cinteressat al vostre compte de Client o Usuari, aix\u00ed com l\u201d acc\u00e9s als serveis i funcionalitats pr\u00f2pies dels nostres Clients \/ Usuaris. Termini de conservaci\u00f3: Les dades seran conservades mentre linteressat no revoqui el consentiment atorgat. Posteriorment, en cas que sigui necessari, [&hellip;]\" \/>\n<meta property=\"og:url\" content=\"https:\/\/servei.es\/ca\/politica-de-privadesa\/\" \/>\n<meta property=\"og:site_name\" content=\"Servei\" \/>\n<meta property=\"article:modified_time\" content=\"2025-05-23T11:51:07+00:00\" \/>\n<meta name=\"twitter:card\" content=\"summary_large_image\" \/>\n<meta name=\"twitter:label1\" content=\"Temps estimat de lectura\" \/>\n\t<meta name=\"twitter:data1\" content=\"8 minuts\" \/>\n<script type=\"application\/ld+json\" class=\"yoast-schema-graph\">{\"@context\":\"https:\/\/schema.org\",\"@graph\":[{\"@type\":\"WebPage\",\"@id\":\"https:\/\/servei.es\/ca\/politica-de-privadesa\/\",\"url\":\"https:\/\/servei.es\/ca\/politica-de-privadesa\/\",\"name\":\"Pol\u00edtica de privadesa - Servei\",\"isPartOf\":{\"@id\":\"https:\/\/servei.es\/#website\"},\"datePublished\":\"2025-03-25T08:35:37+00:00\",\"dateModified\":\"2025-05-23T11:51:07+00:00\",\"breadcrumb\":{\"@id\":\"https:\/\/servei.es\/ca\/politica-de-privadesa\/#breadcrumb\"},\"inLanguage\":\"ca\",\"potentialAction\":[{\"@type\":\"ReadAction\",\"target\":[\"https:\/\/servei.es\/ca\/politica-de-privadesa\/\"]}]},{\"@type\":\"BreadcrumbList\",\"@id\":\"https:\/\/servei.es\/ca\/politica-de-privadesa\/#breadcrumb\",\"itemListElement\":[{\"@type\":\"ListItem\",\"position\":1,\"name\":\"Portada\",\"item\":\"https:\/\/servei.es\/\"},{\"@type\":\"ListItem\",\"position\":2,\"name\":\"Pol\u00edtica de privadesa\"}]},{\"@type\":\"WebSite\",\"@id\":\"https:\/\/servei.es\/#website\",\"url\":\"https:\/\/servei.es\/\",\"name\":\"Servei\",\"description\":\"\",\"potentialAction\":[{\"@type\":\"SearchAction\",\"target\":{\"@type\":\"EntryPoint\",\"urlTemplate\":\"https:\/\/servei.es\/?s={search_term_string}\"},\"query-input\":{\"@type\":\"PropertyValueSpecification\",\"valueRequired\":true,\"valueName\":\"search_term_string\"}}],\"inLanguage\":\"ca\"}]}<\/script>\n<!-- \/ Yoast SEO plugin. -->","yoast_head_json":{"title":"Pol\u00edtica de privadesa - Servei","robots":{"index":"index","follow":"follow","max-snippet":"max-snippet:-1","max-image-preview":"max-image-preview:large","max-video-preview":"max-video-preview:-1"},"canonical":"https:\/\/servei.es\/ca\/politica-de-privadesa\/","og_locale":"ca_ES","og_type":"article","og_title":"Pol\u00edtica de privadesa - Servei","og_description":"Pol\u00edtica Privadesa1. Identificaci\u00f3 del Responsable del TractamentSERVEI DE REPARACI\u00d3 DE VEHICLES INDUSTRIALS, SA, amb CIF A-58122466 i domicili social a Carretera Torreromeu, 22-40 \u2013 08202, Sabadell (Barcelona) \u00e9s el RESPONSABLE del tractament de les dades personals de l'USUARI i us informa que aquestes dades seran tractades de conformitat amb el2 abril (GDPR) i la Llei Org\u00e0nica 3\/2018 de 5 de desembre (LOPDGDD). Podeu contactar amb el Responsable a trav\u00e9s de l'adre\u00e7a electr\u00f2nica servei@servei.es o si ho preferiu, a trav\u00e9s del nostre n\u00famero de tel\u00e8fon: 902 884 885. El domicili a efectes de reclamacions correspondr\u00e0 amb l'indicat com a domicili del titular.2. Finalitats dels tractaments1. Respondre les q\u00fcestions que linteressat faci arribar al Responsable. Termini de conservaci\u00f3: Les dades seran conservades fins a resoldre la q\u00fcesti\u00f3 plantejada per linteressat. Posteriorment, en cas que sigui necessari, es mantindr\u00e0 la informaci\u00f3 bloquejada durant els terminis legalment establerts. Base jur\u00eddica: Inter\u00e8s Leg\u00edtim i Consentiment de linteressat. 2. Gestionar la subscripci\u00f3 de l \u201cinteressat al vostre compte de Client o Usuari, aix\u00ed com l\u201d acc\u00e9s als serveis i funcionalitats pr\u00f2pies dels nostres Clients \/ Usuaris. Termini de conservaci\u00f3: Les dades seran conservades mentre linteressat no revoqui el consentiment atorgat. Posteriorment, en cas que sigui necessari, [&hellip;]","og_url":"https:\/\/servei.es\/ca\/politica-de-privadesa\/","og_site_name":"Servei","article_modified_time":"2025-05-23T11:51:07+00:00","twitter_card":"summary_large_image","twitter_misc":{"Temps estimat de lectura":"8 minuts"},"schema":{"@context":"https:\/\/schema.org","@graph":[{"@type":"WebPage","@id":"https:\/\/servei.es\/ca\/politica-de-privadesa\/","url":"https:\/\/servei.es\/ca\/politica-de-privadesa\/","name":"Pol\u00edtica de privadesa - Servei","isPartOf":{"@id":"https:\/\/servei.es\/#website"},"datePublished":"2025-03-25T08:35:37+00:00","dateModified":"2025-05-23T11:51:07+00:00","breadcrumb":{"@id":"https:\/\/servei.es\/ca\/politica-de-privadesa\/#breadcrumb"},"inLanguage":"ca","potentialAction":[{"@type":"ReadAction","target":["https:\/\/servei.es\/ca\/politica-de-privadesa\/"]}]},{"@type":"BreadcrumbList","@id":"https:\/\/servei.es\/ca\/politica-de-privadesa\/#breadcrumb","itemListElement":[{"@type":"ListItem","position":1,"name":"Portada","item":"https:\/\/servei.es\/"},{"@type":"ListItem","position":2,"name":"Pol\u00edtica de privadesa"}]},{"@type":"WebSite","@id":"https:\/\/servei.es\/#website","url":"https:\/\/servei.es\/","name":"Servei","description":"","potentialAction":[{"@type":"SearchAction","target":{"@type":"EntryPoint","urlTemplate":"https:\/\/servei.es\/?s={search_term_string}"},"query-input":{"@type":"PropertyValueSpecification","valueRequired":true,"valueName":"search_term_string"}}],"inLanguage":"ca"}]}},"_links":{"self":[{"href":"https:\/\/servei.es\/ca\/wp-json\/wp\/v2\/pages\/1979","targetHints":{"allow":["GET"]}}],"collection":[{"href":"https:\/\/servei.es\/ca\/wp-json\/wp\/v2\/pages"}],"about":[{"href":"https:\/\/servei.es\/ca\/wp-json\/wp\/v2\/types\/page"}],"author":[{"embeddable":true,"href":"https:\/\/servei.es\/ca\/wp-json\/wp\/v2\/users\/2"}],"replies":[{"embeddable":true,"href":"https:\/\/servei.es\/ca\/wp-json\/wp\/v2\/comments?post=1979"}],"version-history":[{"count":0,"href":"https:\/\/servei.es\/ca\/wp-json\/wp\/v2\/pages\/1979\/revisions"}],"wp:attachment":[{"href":"https:\/\/servei.es\/ca\/wp-json\/wp\/v2\/media?parent=1979"}],"curies":[{"name":"wp","href":"https:\/\/api.w.org\/{rel}","templated":true}]}}