{"id":1969,"date":"2025-04-09T10:54:08","date_gmt":"2025-04-09T10:54:08","guid":{"rendered":"https:\/\/servei.es\/normativa-legal\/"},"modified":"2025-05-23T11:51:07","modified_gmt":"2025-05-23T11:51:07","slug":"normativa-legal","status":"publish","type":"page","link":"https:\/\/servei.es\/ca\/normativa-legal\/","title":{"rendered":"Normativa legal"},"content":{"rendered":"<p>[et_pb_section fb_built=&#8221;1&#8243; admin_label=&#8221;Secci\u00f3n&#8221; _builder_version=&#8221;4.27.4&#8243; _module_preset=&#8221;default&#8221; custom_padding=&#8221;7em|3em||3em|false|false&#8221; hover_enabled=&#8221;0&#8243; global_colors_info=&#8221;{}&#8221; sticky_enabled=&#8221;0&#8243;][et_pb_row make_equal=&#8221;on&#8221; module_class=&#8221;align-center&#8221; _builder_version=&#8221;4.27.4&#8243; _module_preset=&#8221;default&#8221; width=&#8221;auto&#8221; global_colors_info=&#8221;{}&#8221;][et_pb_column type=&#8221;4_4&#8243; _builder_version=&#8221;4.27.4&#8243; _module_preset=&#8221;default&#8221; global_colors_info=&#8221;{}&#8221;][et_pb_text _builder_version=&#8221;4.27.4&#8243; _module_preset=&#8221;default&#8221; header_2_font_size=&#8221;40px&#8221; width=&#8221;85%&#8221; custom_margin=&#8221;||18px|||&#8221; hover_enabled=&#8221;0&#8243; global_colors_info=&#8221;{}&#8221; sticky_enabled=&#8221;0&#8243; admin_label=&#8221;Texto&#8221;]<\/p>\n<h1>Normativa legal<\/h1>\n<p>[\/et_pb_text][et_pb_text _builder_version=&#8221;4.27.4&#8243; _module_preset=&#8221;default&#8221; hover_enabled=&#8221;0&#8243; global_colors_info=&#8221;{}&#8221; sticky_enabled=&#8221;0&#8243;]<\/p>\n<p>Normativa legal vigent en mat\u00e8ria de prevenci\u00f3 de riscos laborals per als operadors de carretons i plataformes elevadores, manipuladors telesc\u00f2pics:<\/p>\n<p style=\"padding-left: 40px;\">Llei 31\/1995, de 8 de novembre, de prevenci\u00f3 de riscos laborals.<br \/> <a href=\"https:\/\/www.servei.es\/servicios\/normativa-legal\/ley-31\/1995,-de-8-de-noviembre.html\">Descarregar Documentaci\u00f3<\/a><\/p>\n<p style=\"padding-left: 40px;\">Reial decret 1215\/1997, de 18 de juliol, pel qual sestableixen les disposicions m\u00ednimes de seguretat i salut per a la utilitzaci\u00f3 pels treballadors dels equips de treball.<br \/> <a href=\"https:\/\/www.servei.es\/servicios\/normativa-legal\/real-decreto-1215\/1997-de-18-de-julio.html\">Descarregar Documentaci\u00f3<\/a><\/p>\n<p style=\"padding-left: 40px;\">Reial decret 39\/1997, de 17 de gener, pel qual s&#8217;aprova el Reglament dels serveis de prevenci\u00f3.<br \/> <a href=\"https:\/\/www.servei.es\/servicios\/normativa-legal\/real-decreto-39\/1997-de-17-de-enero.html\">Descarregar Documentaci\u00f3<\/a><\/p>\n<p style=\"padding-left: 40px;\">Reial decret 773\/1997, de 30 de maig, sobre disposicions m\u00ednimes de seguretat i salut relatives a la utilitzaci\u00f3 pels treballadors dequips de protecci\u00f3 individual.<br \/> <a href=\"https:\/\/www.servei.es\/servicios\/normativa-legal\/real-decreto-773\/1997-de-30-de-mayo.html\">Descarregar Documentaci\u00f3<\/a><\/p>\n<p style=\"padding-left: 40px;\">Norma UNE 58921 IN: Instruccions per a la instal\u00b7laci\u00f3, maneig, manteniment, revisions i inspeccions de plataformes elevadores m\u00f2bils de personal.<br \/> <a href=\"https:\/\/www.servei.es\/servicios\/normativa-legal\/norma-une-58923-in.html\">Descarregar Documentaci\u00f3<\/a><\/p>\n<p style=\"padding-left: 40px;\">Norma UNE 58923 IN: Plataformes elevadores m\u00f2bils de personal (PEMP). Formaci\u00f3 de l&#8217;operador <br \/><a href=\"https:\/\/www.servei.es\/servicios\/normativa-legal\/norma-une-58923-in.html\">Descarregar Documentaci\u00f3<\/a><\/p>\n<p style=\"padding-left: 40px;\">NTP 634: Plataformes elevadores m\u00f2bils de personal.<br \/> <a href=\"https:\/\/www.servei.es\/servicios\/normativa-legal\/ntp-634.html\">Descarregar Documentaci\u00f3<\/a><\/p>\n<p style=\"padding-left: 40px;\">NTP 1039, 1040, 1048 i 1049: Plataformes elevadores m\u00f2bils de personal. Condicions de seguretat i salut exigibles. Gesti\u00f3 preventiva per a un \u00fas segur, incl\u00f2s transport, c\u00e0rrega i desc\u00e0rrega.  <br \/><a href=\"https:\/\/www.servei.es\/servicios\/normativa-legal\/ntp-1039,-1040,-1048,-1049.html\">Descarregar Documentaci\u00f3<\/a><\/p>\n<p style=\"padding-left: 40px;\">NTP 214, 4747, 634, 713, 714, 715, 955 i 956: Carretons elevadors. Condicions de seguretat i prevenci\u00f3 en l&#8217;\u00fas i el manteniment. Informaci\u00f3 sobre l&#8217;\u00fas de plataformes per elevar persones acoblades a equips d&#8217;elevaci\u00f3 de c\u00e0rregues.  <br \/><a href=\"https:\/\/www.servei.es\/servicios\/normativa-legal\/ntp-214,-4747,-634,-713,-714,-715,-955,-956.html\">Descarregar Documentaci\u00f3<\/a><\/p>\n<p style=\"padding-left: 40px;\">Manual Prevenci\u00f3 del risc en la conducci\u00f3 de carretons automotors.<br \/> <a href=\"https:\/\/www.servei.es\/servicios\/normativa-legal\/real-decreto-1215\/1997-18-julio.html\">Descarregar Documentaci\u00f3<\/a><\/p>\n<p style=\"padding-left: 40px;\">Manual d&#8217;\u00fas i seguretat de Plataformes Elevadores<br \/> <a href=\"https:\/\/www.servei.es\/servicios\/normativa-legal\/manual-de-uso-y-seguridad-de-plataformas-elevadoras.html\">Descarregar Documentaci\u00f3<\/a><\/p>\n<p style=\"padding-left: 40px;\">Manual de seguretat i maneig de carretons elevadors<br \/> <a href=\"https:\/\/www.servei.es\/servicios\/normativa-legal\/manual-de-seguridad-y-manejo-de-carretillas-elevadoras.html\">Descarregar Documentaci\u00f3<\/a><\/p>\n<p style=\"padding-left: 40px;\">[\/et_pb_text][\/et_pb_column][\/et_pb_row][\/et_pb_section]<\/p>\n","protected":false},"excerpt":{"rendered":"<p>Normativa legalNormativa legal vigent en mat\u00e8ria de prevenci\u00f3 de riscos laborals per als operadors de carretons i plataformes elevadores, manipuladors telesc\u00f2pics: Llei 31\/1995, de 8 de novembre, de prevenci\u00f3 de riscos laborals. Descarregar Documentaci\u00f3 Reial decret 1215\/1997, de 18 de juliol, pel qual sestableixen les disposicions m\u00ednimes de seguretat i salut per a la utilitzaci\u00f3 pels treballadors dels equips de treball. Descarregar Documentaci\u00f3 Reial decret 39\/1997, de 17 de gener, pel qual s&#8217;aprova el Reglament dels serveis de prevenci\u00f3. Descarregar Documentaci\u00f3 Reial decret 773\/1997, de 30 de maig, sobre disposicions m\u00ednimes de seguretat i salut relatives a la utilitzaci\u00f3 pels treballadors dequips de protecci\u00f3 individual. Descarregar Documentaci\u00f3 Norma UNE 58921 IN: Instruccions per a la instal\u00b7laci\u00f3, maneig, manteniment, revisions i inspeccions de plataformes elevadores m\u00f2bils de personal. Descarregar Documentaci\u00f3 Norma UNE 58923 IN: Plataformes elevadores m\u00f2bils de personal (PEMP). Formaci\u00f3 de l&#8217;operador Descarregar Documentaci\u00f3 NTP 634: Plataformes elevadores m\u00f2bils de personal. Descarregar Documentaci\u00f3 NTP 1039, 1040, 1048 i 1049: Plataformes elevadores m\u00f2bils de personal. Condicions de seguretat i salut exigibles. Gesti\u00f3 preventiva per a un \u00fas segur, incl\u00f2s transport, c\u00e0rrega i desc\u00e0rrega. Descarregar Documentaci\u00f3 NTP 214, 4747, 634, 713, 714, 715, 955 i 956: Carretons elevadors. Condicions de seguretat i [&hellip;]<\/p>\n","protected":false},"author":2,"featured_media":0,"parent":0,"menu_order":0,"comment_status":"closed","ping_status":"closed","template":"","meta":{"_acf_changed":false,"_et_pb_use_builder":"on","_et_pb_old_content":"","_et_gb_content_width":"","footnotes":""},"class_list":["post-1969","page","type-page","status-publish","hentry"],"acf":[],"yoast_head":"<!-- This site is optimized with the Yoast SEO plugin v27.0 - https:\/\/yoast.com\/product\/yoast-seo-wordpress\/ -->\n<title>Normativa legal - Servei<\/title>\n<meta name=\"robots\" content=\"index, follow, max-snippet:-1, max-image-preview:large, max-video-preview:-1\" \/>\n<link rel=\"canonical\" href=\"https:\/\/servei.es\/ca\/normativa-legal\/\" \/>\n<meta property=\"og:locale\" content=\"ca_ES\" \/>\n<meta property=\"og:type\" content=\"article\" \/>\n<meta property=\"og:title\" content=\"Normativa legal - Servei\" \/>\n<meta property=\"og:description\" content=\"Normativa legalNormativa legal vigent en mat\u00e8ria de prevenci\u00f3 de riscos laborals per als operadors de carretons i plataformes elevadores, manipuladors telesc\u00f2pics: Llei 31\/1995, de 8 de novembre, de prevenci\u00f3 de riscos laborals. Descarregar Documentaci\u00f3 Reial decret 1215\/1997, de 18 de juliol, pel qual sestableixen les disposicions m\u00ednimes de seguretat i salut per a la utilitzaci\u00f3 pels treballadors dels equips de treball. Descarregar Documentaci\u00f3 Reial decret 39\/1997, de 17 de gener, pel qual s&#039;aprova el Reglament dels serveis de prevenci\u00f3. Descarregar Documentaci\u00f3 Reial decret 773\/1997, de 30 de maig, sobre disposicions m\u00ednimes de seguretat i salut relatives a la utilitzaci\u00f3 pels treballadors dequips de protecci\u00f3 individual. Descarregar Documentaci\u00f3 Norma UNE 58921 IN: Instruccions per a la instal\u00b7laci\u00f3, maneig, manteniment, revisions i inspeccions de plataformes elevadores m\u00f2bils de personal. Descarregar Documentaci\u00f3 Norma UNE 58923 IN: Plataformes elevadores m\u00f2bils de personal (PEMP). Formaci\u00f3 de l&#039;operador Descarregar Documentaci\u00f3 NTP 634: Plataformes elevadores m\u00f2bils de personal. Descarregar Documentaci\u00f3 NTP 1039, 1040, 1048 i 1049: Plataformes elevadores m\u00f2bils de personal. Condicions de seguretat i salut exigibles. Gesti\u00f3 preventiva per a un \u00fas segur, incl\u00f2s transport, c\u00e0rrega i desc\u00e0rrega. Descarregar Documentaci\u00f3 NTP 214, 4747, 634, 713, 714, 715, 955 i 956: Carretons elevadors. Condicions de seguretat i [&hellip;]\" \/>\n<meta property=\"og:url\" content=\"https:\/\/servei.es\/ca\/normativa-legal\/\" \/>\n<meta property=\"og:site_name\" content=\"Servei\" \/>\n<meta property=\"article:modified_time\" content=\"2025-05-23T11:51:07+00:00\" \/>\n<meta name=\"twitter:card\" content=\"summary_large_image\" \/>\n<meta name=\"twitter:label1\" content=\"Temps estimat de lectura\" \/>\n\t<meta name=\"twitter:data1\" content=\"2 minuts\" \/>\n<script type=\"application\/ld+json\" class=\"yoast-schema-graph\">{\"@context\":\"https:\/\/schema.org\",\"@graph\":[{\"@type\":\"WebPage\",\"@id\":\"https:\/\/servei.es\/ca\/normativa-legal\/\",\"url\":\"https:\/\/servei.es\/ca\/normativa-legal\/\",\"name\":\"Normativa legal - Servei\",\"isPartOf\":{\"@id\":\"https:\/\/servei.es\/#website\"},\"datePublished\":\"2025-04-09T10:54:08+00:00\",\"dateModified\":\"2025-05-23T11:51:07+00:00\",\"breadcrumb\":{\"@id\":\"https:\/\/servei.es\/ca\/normativa-legal\/#breadcrumb\"},\"inLanguage\":\"ca\",\"potentialAction\":[{\"@type\":\"ReadAction\",\"target\":[\"https:\/\/servei.es\/ca\/normativa-legal\/\"]}]},{\"@type\":\"BreadcrumbList\",\"@id\":\"https:\/\/servei.es\/ca\/normativa-legal\/#breadcrumb\",\"itemListElement\":[{\"@type\":\"ListItem\",\"position\":1,\"name\":\"Portada\",\"item\":\"https:\/\/servei.es\/\"},{\"@type\":\"ListItem\",\"position\":2,\"name\":\"Normativa legal\"}]},{\"@type\":\"WebSite\",\"@id\":\"https:\/\/servei.es\/#website\",\"url\":\"https:\/\/servei.es\/\",\"name\":\"Servei\",\"description\":\"\",\"potentialAction\":[{\"@type\":\"SearchAction\",\"target\":{\"@type\":\"EntryPoint\",\"urlTemplate\":\"https:\/\/servei.es\/?s={search_term_string}\"},\"query-input\":{\"@type\":\"PropertyValueSpecification\",\"valueRequired\":true,\"valueName\":\"search_term_string\"}}],\"inLanguage\":\"ca\"}]}<\/script>\n<!-- \/ Yoast SEO plugin. -->","yoast_head_json":{"title":"Normativa legal - Servei","robots":{"index":"index","follow":"follow","max-snippet":"max-snippet:-1","max-image-preview":"max-image-preview:large","max-video-preview":"max-video-preview:-1"},"canonical":"https:\/\/servei.es\/ca\/normativa-legal\/","og_locale":"ca_ES","og_type":"article","og_title":"Normativa legal - Servei","og_description":"Normativa legalNormativa legal vigent en mat\u00e8ria de prevenci\u00f3 de riscos laborals per als operadors de carretons i plataformes elevadores, manipuladors telesc\u00f2pics: Llei 31\/1995, de 8 de novembre, de prevenci\u00f3 de riscos laborals. Descarregar Documentaci\u00f3 Reial decret 1215\/1997, de 18 de juliol, pel qual sestableixen les disposicions m\u00ednimes de seguretat i salut per a la utilitzaci\u00f3 pels treballadors dels equips de treball. Descarregar Documentaci\u00f3 Reial decret 39\/1997, de 17 de gener, pel qual s'aprova el Reglament dels serveis de prevenci\u00f3. Descarregar Documentaci\u00f3 Reial decret 773\/1997, de 30 de maig, sobre disposicions m\u00ednimes de seguretat i salut relatives a la utilitzaci\u00f3 pels treballadors dequips de protecci\u00f3 individual. Descarregar Documentaci\u00f3 Norma UNE 58921 IN: Instruccions per a la instal\u00b7laci\u00f3, maneig, manteniment, revisions i inspeccions de plataformes elevadores m\u00f2bils de personal. Descarregar Documentaci\u00f3 Norma UNE 58923 IN: Plataformes elevadores m\u00f2bils de personal (PEMP). Formaci\u00f3 de l'operador Descarregar Documentaci\u00f3 NTP 634: Plataformes elevadores m\u00f2bils de personal. Descarregar Documentaci\u00f3 NTP 1039, 1040, 1048 i 1049: Plataformes elevadores m\u00f2bils de personal. Condicions de seguretat i salut exigibles. Gesti\u00f3 preventiva per a un \u00fas segur, incl\u00f2s transport, c\u00e0rrega i desc\u00e0rrega. Descarregar Documentaci\u00f3 NTP 214, 4747, 634, 713, 714, 715, 955 i 956: Carretons elevadors. Condicions de seguretat i [&hellip;]","og_url":"https:\/\/servei.es\/ca\/normativa-legal\/","og_site_name":"Servei","article_modified_time":"2025-05-23T11:51:07+00:00","twitter_card":"summary_large_image","twitter_misc":{"Temps estimat de lectura":"2 minuts"},"schema":{"@context":"https:\/\/schema.org","@graph":[{"@type":"WebPage","@id":"https:\/\/servei.es\/ca\/normativa-legal\/","url":"https:\/\/servei.es\/ca\/normativa-legal\/","name":"Normativa legal - Servei","isPartOf":{"@id":"https:\/\/servei.es\/#website"},"datePublished":"2025-04-09T10:54:08+00:00","dateModified":"2025-05-23T11:51:07+00:00","breadcrumb":{"@id":"https:\/\/servei.es\/ca\/normativa-legal\/#breadcrumb"},"inLanguage":"ca","potentialAction":[{"@type":"ReadAction","target":["https:\/\/servei.es\/ca\/normativa-legal\/"]}]},{"@type":"BreadcrumbList","@id":"https:\/\/servei.es\/ca\/normativa-legal\/#breadcrumb","itemListElement":[{"@type":"ListItem","position":1,"name":"Portada","item":"https:\/\/servei.es\/"},{"@type":"ListItem","position":2,"name":"Normativa legal"}]},{"@type":"WebSite","@id":"https:\/\/servei.es\/#website","url":"https:\/\/servei.es\/","name":"Servei","description":"","potentialAction":[{"@type":"SearchAction","target":{"@type":"EntryPoint","urlTemplate":"https:\/\/servei.es\/?s={search_term_string}"},"query-input":{"@type":"PropertyValueSpecification","valueRequired":true,"valueName":"search_term_string"}}],"inLanguage":"ca"}]}},"_links":{"self":[{"href":"https:\/\/servei.es\/ca\/wp-json\/wp\/v2\/pages\/1969","targetHints":{"allow":["GET"]}}],"collection":[{"href":"https:\/\/servei.es\/ca\/wp-json\/wp\/v2\/pages"}],"about":[{"href":"https:\/\/servei.es\/ca\/wp-json\/wp\/v2\/types\/page"}],"author":[{"embeddable":true,"href":"https:\/\/servei.es\/ca\/wp-json\/wp\/v2\/users\/2"}],"replies":[{"embeddable":true,"href":"https:\/\/servei.es\/ca\/wp-json\/wp\/v2\/comments?post=1969"}],"version-history":[{"count":0,"href":"https:\/\/servei.es\/ca\/wp-json\/wp\/v2\/pages\/1969\/revisions"}],"wp:attachment":[{"href":"https:\/\/servei.es\/ca\/wp-json\/wp\/v2\/media?parent=1969"}],"curies":[{"name":"wp","href":"https:\/\/api.w.org\/{rel}","templated":true}]}}