{"id":1831,"date":"2025-02-23T16:48:18","date_gmt":"2025-02-23T16:48:18","guid":{"rendered":"https:\/\/servei.es\/sectors\/"},"modified":"2025-08-27T11:42:57","modified_gmt":"2025-08-27T11:42:57","slug":"sectors","status":"publish","type":"page","link":"https:\/\/servei.es\/ca\/sectors\/","title":{"rendered":"Sectors"},"content":{"rendered":"<p>[et_pb_section fb_built=&#8221;1&#8243; admin_label=&#8221;Secci\u00f3n&#8221; _builder_version=&#8221;4.27.4&#8243; _module_preset=&#8221;default&#8221; custom_padding=&#8221;|3em||3em|false|false&#8221; global_colors_info=&#8221;{}&#8221;][et_pb_row column_structure=&#8221;1_2,1_2&#8243; use_custom_gutter=&#8221;on&#8221; gutter_width=&#8221;2&#8243; _builder_version=&#8221;4.27.4&#8243; _module_preset=&#8221;default&#8221; global_colors_info=&#8221;{}&#8221;][et_pb_column type=&#8221;1_2&#8243; _builder_version=&#8221;4.27.4&#8243; _module_preset=&#8221;default&#8221; global_colors_info=&#8221;{}&#8221;][et_pb_text _builder_version=&#8221;4.27.4&#8243; _module_preset=&#8221;default&#8221; header_2_font_size=&#8221;40px&#8221; width=&#8221;85%&#8221; custom_margin=&#8221;||18px|||&#8221; global_colors_info=&#8221;{}&#8221;]<\/p>\n<h1><b>Sectors<\/b><\/h1>\n<p>[\/et_pb_text][et_pb_text _builder_version=&#8221;4.27.4&#8243; _module_preset=&#8221;default&#8221; global_colors_info=&#8221;{}&#8221;]<\/p>\n<p>A <span style=\"font-weight: 400;\">SERVEI<\/span> <b>SAU<\/b><span style=\"font-weight: 400;\">, oferim una \u00e0mplia gamma de maquin\u00e0ria i solucions t\u00e8cniques que s&#8217;adapten a diferents sectors i tipus de treball. La nostra flota est\u00e0 preparada per donar resposta a m\u00faltiples escenaris operatius, amb equips vers\u00e0tils, segurs i eficients. <\/span><\/p>\n<p>[\/et_pb_text][\/et_pb_column][et_pb_column type=&#8221;1_2&#8243; _builder_version=&#8221;4.27.4&#8243; _module_preset=&#8221;default&#8221; global_colors_info=&#8221;{}&#8221;][\/et_pb_column][\/et_pb_row][et_pb_row column_structure=&#8221;1_3,1_3,1_3&#8243; use_custom_gutter=&#8221;on&#8221; gutter_width=&#8221;2&#8243; _builder_version=&#8221;4.27.4&#8243; _module_preset=&#8221;default&#8221; locked=&#8221;off&#8221; global_colors_info=&#8221;{}&#8221;][et_pb_column type=&#8221;1_3&#8243; _builder_version=&#8221;4.27.4&#8243; _module_preset=&#8221;default&#8221; global_colors_info=&#8221;{}&#8221;][dsm_card title=&#8221;Treballs a centres comercials&#8221; image=&#8221;https:\/\/servei.es\/wp-content\/uploads\/2025\/04\/centros.jpg&#8221; content_padding=&#8221;36px|36px|36px|36px|true|false&#8221; button_url_new_window=&#8221;1&#8243; _builder_version=&#8221;4.27.4&#8243; _module_preset=&#8221;default&#8221; header_text_color=&#8221;#B51B27&#8243; background_color=&#8221;#FDF0F1&#8243; min_height=&#8221;640px&#8221; global_colors_info=&#8221;{}&#8221;]<\/p>\n<p><span style=\"font-weight: 400;\">Els centres comercials requereixen maquin\u00e0ria compacta, silenciosa i de zero emissions per operar en espais interiors.   <\/span><b>plataformes i carretons elevadors<\/b> <span style=\"font-weight: 400;\">permeten:<\/span><\/p>\n<ul>\n<li style=\"font-weight: 400;\" aria-level=\"1\"><span style=\"font-weight: 400;\">Treballs en al\u00e7ada sense afectar l&#8217;activitat comercial<\/span><\/li>\n<li style=\"font-weight: 400;\" aria-level=\"1\"><span style=\"font-weight: 400;\">Manteniment d&#8217;il\u00b7luminaci\u00f3, climatitzaci\u00f3 i sistemes de seguretat<\/span><\/li>\n<li style=\"font-weight: 400;\" aria-level=\"1\"><span style=\"font-weight: 400;\">Instal\u00b7laci\u00f3 de cartelleria i elements promocionals<\/span><\/li>\n<li style=\"font-weight: 400;\" aria-level=\"1\"><span style=\"font-weight: 400;\">Maniobres a passadissos estrets i zones amb tr\u00e0nsit de persones<\/span><\/li>\n<\/ul>\n<p>[\/dsm_card][\/et_pb_column][et_pb_column type=&#8221;1_3&#8243; _builder_version=&#8221;4.27.4&#8243; _module_preset=&#8221;default&#8221; global_colors_info=&#8221;{}&#8221;][dsm_card title=&#8221;Treballs urbans&#8221; image=&#8221;https:\/\/servei.es\/wp-content\/uploads\/2016\/05\/Prevencion.jpg&#8221; content_padding=&#8221;36px|36px|36px|36px|true|false&#8221; button_url_new_window=&#8221;1&#8243; _builder_version=&#8221;4.27.4&#8243; _module_preset=&#8221;default&#8221; header_text_color=&#8221;#B51B27&#8243; background_color=&#8221;#FDF0F1&#8243; min_height=&#8221;640px&#8221; global_colors_info=&#8221;{}&#8221;]<\/p>\n<p><span>Les intervencions en entorns urbans requereixen maquin\u00e0ria compacta, silenciosa i altament maniobrable. La nostra flota \u00e9s perfecta per: <\/span><\/p>\n<ul>\n<li aria-level=\"1\"><span>Manteniment d&#8217;enllumenat p\u00fablic i senyalitzaci\u00f3<\/span><\/li>\n<li aria-level=\"1\"><span>Poda d&#8217;arbres a zones residencials o vies p\u00fabliques<\/span><\/li>\n<li aria-level=\"1\"><span>Instal\u00b7laci\u00f3 de c\u00e0meres, antenes o altres dispositius urbans<\/span><\/li>\n<li aria-level=\"1\"><span>Operacions r\u00e0pides amb baix impacte a l&#8217;entorn<\/span><\/li>\n<\/ul>\n<p>[\/dsm_card][\/et_pb_column][et_pb_column type=&#8221;1_3&#8243; _builder_version=&#8221;4.27.4&#8243; _module_preset=&#8221;default&#8221; global_colors_info=&#8221;{}&#8221;][dsm_card title=&#8221;Obres i construcci\u00f3&#8221; image=&#8221;https:\/\/servei.es\/wp-content\/uploads\/2025\/04\/obras.jpg&#8221; content_padding=&#8221;36px|36px|36px|36px|true|false&#8221; button_url_new_window=&#8221;1&#8243; _builder_version=&#8221;4.27.4&#8243; _module_preset=&#8221;default&#8221; header_text_color=&#8221;#B51B27&#8243; background_color=&#8221;#FDF0F1&#8243; min_height=&#8221;640px&#8221; global_colors_info=&#8221;{}&#8221;]<\/p>\n<p><span>La nostra maquin\u00e0ria tot terreny i de gran capacitat \u00e9s ideal per<\/span> <b>a obres de construcci\u00f3, obra civil i moviments de terra<\/b><span>. Posem a la teva disposici\u00f3:<\/span><\/p>\n<ul>\n<li aria-level=\"1\"><span>Plataformes elevadores articulades i telesc\u00f2piques per a al\u00e7ades i accessos complexos<\/span><\/li>\n<li aria-level=\"1\"><span>Carretons elevadors 4\u00d74 per a manipulaci\u00f3 de materials pesats<\/span><\/li>\n<li aria-level=\"1\"><span>Manipuladors telesc\u00f2pics per a abast i versatilitat en terrenys irregulars<\/span><\/li>\n<\/ul>\n<p>[\/dsm_card][\/et_pb_column][\/et_pb_row][et_pb_row column_structure=&#8221;1_3,1_3,1_3&#8243; use_custom_gutter=&#8221;on&#8221; gutter_width=&#8221;2&#8243; _builder_version=&#8221;4.27.4&#8243; _module_preset=&#8221;default&#8221; locked=&#8221;off&#8221; global_colors_info=&#8221;{}&#8221;][et_pb_column type=&#8221;1_3&#8243; _builder_version=&#8221;4.27.4&#8243; _module_preset=&#8221;default&#8221; global_colors_info=&#8221;{}&#8221;][dsm_card title=&#8221;Espectacles&#8221; image=&#8221;https:\/\/servei.es\/wp-content\/uploads\/2025\/04\/espectaculos-2.jpg&#8221; content_padding=&#8221;36px|36px|36px|36px|true|false&#8221; button_url_new_window=&#8221;1&#8243; _builder_version=&#8221;4.27.4&#8243; _module_preset=&#8221;default&#8221; header_text_color=&#8221;#B51B27&#8243; background_color=&#8221;#FDF0F1&#8243; min_height=&#8221;640px&#8221; global_colors_info=&#8221;{}&#8221;]<\/p>\n<p><span>En esdeveniments, fires i concerts, \u00e9s essencial comptar amb equips \u00e0gils, segurs i de f\u00e0cil transport. La nostra maquin\u00e0ria s&#8217;adapta perfectament a aquest entorn, permetent: <\/span><\/p>\n<ul>\n<li aria-level=\"1\"><span>Muntatge i desmuntatge d&#8217;estructures i escenaris<\/span><\/li>\n<li aria-level=\"1\"><span>Instal\u00b7laci\u00f3 d&#8217;il\u00b7luminaci\u00f3, so i elements audiovisuals<\/span><\/li>\n<li aria-level=\"1\"><span>Operacions en al\u00e7ada en espais redu\u00efts oa l&#8217;aire lliure<\/span><\/li>\n<li aria-level=\"1\"><span>Rapidesa en l&#8217;execuci\u00f3 sense comprometre la seguretat<\/span><\/li>\n<\/ul>\n<p>[\/dsm_card][\/et_pb_column][et_pb_column type=&#8221;1_3&#8243; _builder_version=&#8221;4.27.4&#8243; _module_preset=&#8221;default&#8221; global_colors_info=&#8221;{}&#8221;][dsm_card title=&#8221;Rehabilitaci\u00f3 de fa\u00e7anes&#8221; image=&#8221;https:\/\/servei.es\/wp-content\/uploads\/2025\/04\/fachadas.jpg&#8221; content_padding=&#8221;36px|36px|36px|36px|true|false&#8221; button_url_new_window=&#8221;1&#8243; _builder_version=&#8221;4.27.4&#8243; _module_preset=&#8221;default&#8221; header_text_color=&#8221;#B51B27&#8243; background_color=&#8221;#FDF0F1&#8243; min_height=&#8221;640px&#8221; global_colors_info=&#8221;{}&#8221;]<\/p>\n<p><span>Les plataformes elevadores permeten treballar a fa\u00e7anes d&#8217;edificis amb<\/span> <b>total seguretat i precisi\u00f3<\/b><span>, especialment en tasques de rehabilitaci\u00f3 i manteniment. T&#8217;ajudem a: <\/span><\/p>\n<ul>\n<li aria-level=\"1\"><span>Accedir a zones altes o de dif\u00edcil abast sense necessitat de bastiment<\/span><\/li>\n<li aria-level=\"1\"><span>Intervenir en edificis hist\u00f2rics sense afectar l&#8217;estructura<\/span><\/li>\n<li aria-level=\"1\"><span>Realitzar treballs de pintura, neteja, reparaci\u00f3 o a\u00efllament t\u00e8rmic<\/span><\/li>\n<li aria-level=\"1\"><span>Complir totes les normatives de seguretat laboral<\/span><\/li>\n<\/ul>\n<p>[\/dsm_card][\/et_pb_column][et_pb_column type=&#8221;1_3&#8243; _builder_version=&#8221;4.27.4&#8243; _module_preset=&#8221;default&#8221; global_colors_info=&#8221;{}&#8221;][\/et_pb_column][\/et_pb_row][\/et_pb_section][et_pb_section fb_built=&#8221;1&#8243; _builder_version=&#8221;4.27.4&#8243; _module_preset=&#8221;default&#8221; use_background_color_gradient=&#8221;on&#8221; background_color_gradient_stops=&#8221;#ffffff 14%|rgba(255,255,255,0.1) 100%&#8221; background_color_gradient_overlays_image=&#8221;on&#8221; background_image=&#8221;https:\/\/servei.es\/wp-content\/uploads\/2025\/02\/footer-image.jpg&#8221; background_position=&#8221;top_center&#8221; custom_padding=&#8221;3em||9em||false|false&#8221; global_colors_info=&#8221;{}&#8221;][et_pb_row column_structure=&#8221;2_5,3_5&#8243; use_custom_gutter=&#8221;on&#8221; gutter_width=&#8221;2&#8243; _builder_version=&#8221;4.27.4&#8243; _module_preset=&#8221;default&#8221; global_colors_info=&#8221;{}&#8221;][et_pb_column type=&#8221;2_5&#8243; _builder_version=&#8221;4.27.4&#8243; _module_preset=&#8221;default&#8221; global_colors_info=&#8221;{}&#8221;][et_pb_text _builder_version=&#8221;4.27.4&#8243; _module_preset=&#8221;default&#8221; header_2_font_size=&#8221;40px&#8221; width=&#8221;85%&#8221; locked=&#8221;off&#8221; global_colors_info=&#8221;{}&#8221;]<\/p>\n<h2>Som aqu\u00ed per ajudar-te<\/h2>\n<p>[\/et_pb_text][et_pb_text _builder_version=&#8221;4.27.4&#8243; _module_preset=&#8221;default&#8221; text_font_size=&#8221;18px&#8221; header_2_font_size=&#8221;40px&#8221; width=&#8221;85%&#8221; locked=&#8221;off&#8221; global_colors_info=&#8221;{}&#8221;]<\/p>\n<p>Si necessites m\u00e9s informaci\u00f3 sobre els nostres serveis, desitges sol\u00b7licitar un pressupost personalitzat o tens qualsevol altra consulta, no dubtis en posar-te en contacte amb nosaltres.<\/p>\n<p>[\/et_pb_text][et_pb_text _builder_version=&#8221;4.27.4&#8243; _module_preset=&#8221;default&#8221; text_text_color=&#8221;#E22231&#8243; header_2_font_size=&#8221;40px&#8221; width=&#8221;85%&#8221; custom_margin=&#8221;2em||0px||false|false&#8221; locked=&#8221;off&#8221; global_colors_info=&#8221;{}&#8221;]<\/p>\n<p>900 828 700<br \/> servei@servei.es<\/p>\n<p>[\/et_pb_text][et_pb_social_media_follow icon_color=&#8221;#E22231&#8243; use_icon_font_size=&#8221;on&#8221; icon_font_size=&#8221;22px&#8221; _builder_version=&#8221;4.27.4&#8243; _module_preset=&#8221;default&#8221; background_enable_color=&#8221;off&#8221; locked=&#8221;off&#8221; global_colors_info=&#8221;{}&#8221;][et_pb_social_media_follow_network social_network=&#8221;instagram&#8221; _builder_version=&#8221;4.27.4&#8243; _module_preset=&#8221;default&#8221; background_enable_color=&#8221;off&#8221; custom_margin=&#8221;0px|0px|0px|-5px|false|false&#8221; custom_padding=&#8221;0px|0px|0px|0px|false|false&#8221; global_colors_info=&#8221;{}&#8221; follow_button=&#8221;off&#8221; url_new_window=&#8221;on&#8221;]instagram[\/et_pb_social_media_follow_network][et_pb_social_media_follow_network social_network=&#8221;linkedin&#8221; _builder_version=&#8221;4.27.4&#8243; _module_preset=&#8221;default&#8221; background_enable_color=&#8221;off&#8221; global_colors_info=&#8221;{}&#8221; follow_button=&#8221;off&#8221; url_new_window=&#8221;on&#8221;]linkedin[\/et_pb_social_media_follow_network][\/et_pb_social_media_follow][dsm_icon_list _builder_version=&#8221;4.27.4&#8243; _module_preset=&#8221;default&#8221; animation_style=&#8221;slide&#8221; animation_direction=&#8221;bottom&#8221; animation_duration=&#8221;1100ms&#8221; animation_intensity_slide=&#8221;10%&#8221; global_colors_info=&#8221;{}&#8221;][\/dsm_icon_list][\/et_pb_column][et_pb_column type=&#8221;3_5&#8243; module_class=&#8221;customAcordeon&#8221; _builder_version=&#8221;4.27.4&#8243; _module_preset=&#8221;default&#8221; custom_css_free_form=&#8221;.customAcordeon .et_pb_toggle_title:before {||  left: -50px !important;||}&#8221; global_colors_info=&#8221;{}&#8221;][dsm_contact_form_7 cf7_library=&#8221;10&#8243; show_validation=&#8221;on&#8221; input_background_color=&#8221;#FFFFFF&#8221; validation_error_background_color=&#8221;#FDF0F1&#8243; validation_success_background_color=&#8221;#8ee87a&#8221; module_class=&#8221;footer_contact cf7_2columnas&#8221; _builder_version=&#8221;4.27.4&#8243; _module_preset=&#8221;default&#8221; input_textarea_select_text_color=&#8221;#000E29&#8243; input_textarea_select_font_size=&#8221;16px&#8221; radio_checkbox_text_color=&#8221;#FFFFFF&#8221; radio_checkbox_font_size=&#8221;16px&#8221; error_msg_text_color=&#8221;#E22231&#8243; error_msg_line_height=&#8221;1em&#8221; success_validation_text_align=&#8221;center&#8221; success_validation_text_color=&#8221;#FFFFFF&#8221; custom_button_one=&#8221;on&#8221; button_one_text_size=&#8221;18px&#8221; button_one_text_color=&#8221;#FFFFFF&#8221; button_one_bg_color=&#8221;#E22231&#8243; button_one_border_width=&#8221;0px&#8221; button_one_border_radius=&#8221;0px&#8221; button_one_use_icon=&#8221;off&#8221; button_one_custom_padding=&#8221;18px|52px|18px|52px|false|true&#8221; animation_style=&#8221;slide&#8221; animation_direction=&#8221;bottom&#8221; animation_duration=&#8221;1100ms&#8221; animation_intensity_slide=&#8221;10%&#8221; radio_checkbox_text_shadow_style=&#8221;preset1&#8243; radio_checkbox_text_shadow_blur_strength=&#8221;0.5em&#8221; border_width_all_image=&#8221;1px&#8221; border_color_all_image=&#8221;RGBA(0,14,41,0.25)&#8221; border_radii_error_validation=&#8221;on|8px|8px|8px|8px&#8221; border_width_all_error_validation=&#8221;8px&#8221; border_color_all_error_validation=&#8221;#FDF0F1&#8243; border_radii_validation_success=&#8221;on|5px|5px|5px|5px&#8221; border_width_all_validation_success=&#8221;5px&#8221; border_color_all_validation_success=&#8221;#8ee87a&#8221; global_colors_info=&#8221;{}&#8221; button_one_bg_color__hover_enabled=&#8221;on|desktop&#8221; button_one_bg_color__hover=&#8221;#000E29&#8243; button_one_bg_enable_color__hover=&#8221;on&#8221;][\/dsm_contact_form_7][\/et_pb_column][\/et_pb_row][\/et_pb_section]<\/p>\n","protected":false},"excerpt":{"rendered":"<p>SectorsA SERVEI SAU, oferim una \u00e0mplia gamma de maquin\u00e0ria i solucions t\u00e8cniques que s&#8217;adapten a diferents sectors i tipus de treball. La nostra flota est\u00e0 preparada per donar resposta a m\u00faltiples escenaris operatius, amb equips vers\u00e0tils, segurs i eficients. <div class=\"et_pb_module dsm_card dsm_card_0 et_pb_bg_layout_light  dsm_card_layout_stacked\">\n\t\t\t\t\n\t\t\t\t\n\t\t\t\t\n\t\t\t\t\n\t\t\t\t\n\t\t\t\t\n\t\t\t\t<div class=\"et_pb_module_inner\">\n\t\t\t\t\t\n\t\t\t\n\t\t\t<figure class=\"dsm_card_image_wrapper dsm_card_badge_top_right\"><div class=\"dsm_card_image_background dsm_card_img\"><\/div><\/figure>\n\t\t\t<div class=\"et_pb_module dsm_card_wrapper et_pb_text_align_left\">\n\t\t\t\t\t\n\t\t\t\t\t<h4 class=\"dsm_card_title et_pb_module_header\">Treballs a centres comercials<\/h4>\n\t\t\t\t\t\n\t\t\t\t\t<div class=\"dsm_card_description\">Els centres comercials requereixen maquin\u00e0ria compacta, silenciosa i de zero emissions per operar en espais interiors. plataformes i carretons elevadors permeten: Treballs en al\u00e7ada sense afectar l&#8217;activitat comercial Manteniment d&#8217;il\u00b7luminaci\u00f3, climatitzaci\u00f3 i sistemes de seguretat Instal\u00b7laci\u00f3 de cartelleria i elements promocionals Maniobres a passadissos estrets i zones amb tr\u00e0nsit de persones <\/div>\n\t\t\t\t\t\n\t\t\t\t<\/div>\n\t\t\t\n\t\t\t\t<\/div>\n\t\t\t<\/div><div class=\"et_pb_module dsm_card dsm_card_1 et_pb_bg_layout_light  dsm_card_layout_stacked\">\n\t\t\t\t\n\t\t\t\t\n\t\t\t\t\n\t\t\t\t\n\t\t\t\t\n\t\t\t\t\n\t\t\t\t<div class=\"et_pb_module_inner\">\n\t\t\t\t\t\n\t\t\t\n\t\t\t<figure class=\"dsm_card_image_wrapper dsm_card_badge_top_right\"><div class=\"dsm_card_image_background dsm_card_img\"><\/div><\/figure>\n\t\t\t<div class=\"et_pb_module dsm_card_wrapper et_pb_text_align_left\">\n\t\t\t\t\t\n\t\t\t\t\t<h4 class=\"dsm_card_title et_pb_module_header\">Treballs urbans<\/h4>\n\t\t\t\t\t\n\t\t\t\t\t<div class=\"dsm_card_description\">Les intervencions en entorns urbans requereixen maquin\u00e0ria compacta, silenciosa i altament maniobrable. La nostra flota \u00e9s perfecta per: Manteniment d&#8217;enllumenat p\u00fablic i senyalitzaci\u00f3 Poda d&#8217;arbres a zones residencials o vies p\u00fabliques Instal\u00b7laci\u00f3 de c\u00e0meres, antenes o altres dispositius urbans Operacions r\u00e0pides amb baix impacte a l&#8217;entorn <\/div>\n\t\t\t\t\t\n\t\t\t\t<\/div>\n\t\t\t\n\t\t\t\t<\/div>\n\t\t\t<\/div><div class=\"et_pb_module dsm_card dsm_card_2 et_pb_bg_layout_light  dsm_card_layout_stacked\">\n\t\t\t\t\n\t\t\t\t\n\t\t\t\t\n\t\t\t\t\n\t\t\t\t\n\t\t\t\t\n\t\t\t\t<div class=\"et_pb_module_inner\">\n\t\t\t\t\t\n\t\t\t\n\t\t\t<figure class=\"dsm_card_image_wrapper dsm_card_badge_top_right\"><div class=\"dsm_card_image_background dsm_card_img\"><\/div><\/figure>\n\t\t\t<div class=\"et_pb_module dsm_card_wrapper et_pb_text_align_left\">\n\t\t\t\t\t\n\t\t\t\t\t<h4 class=\"dsm_card_title et_pb_module_header\">Obres i construcci\u00f3<\/h4>\n\t\t\t\t\t\n\t\t\t\t\t\n\t\t\t\t\t\n\t\t\t\t<\/div>\n\t\t\t\n\t\t\t\t<\/div>\n\t\t\t<\/div>La nostra maquin\u00e0ria tot terreny i de gran capacitat \u00e9s ideal per a obres de construcci\u00f3, obra civil i moviments de terra. Posem a la teva disposici\u00f3: Plataformes [&hellip;]<\/p>\n","protected":false},"author":2,"featured_media":0,"parent":0,"menu_order":0,"comment_status":"closed","ping_status":"closed","template":"","meta":{"_acf_changed":false,"_et_pb_use_builder":"on","_et_pb_old_content":"","_et_gb_content_width":"","footnotes":""},"class_list":["post-1831","page","type-page","status-publish","hentry"],"acf":[],"yoast_head":"<!-- This site is optimized with the Yoast SEO plugin v27.0 - https:\/\/yoast.com\/product\/yoast-seo-wordpress\/ -->\n<title>Sectors - Servei<\/title>\n<meta name=\"robots\" content=\"index, follow, max-snippet:-1, max-image-preview:large, max-video-preview:-1\" \/>\n<link rel=\"canonical\" href=\"https:\/\/servei.es\/sectores\/\" \/>\n<meta property=\"og:locale\" content=\"ca_ES\" \/>\n<meta property=\"og:type\" content=\"article\" \/>\n<meta property=\"og:title\" content=\"Sectors - Servei\" \/>\n<meta property=\"og:description\" content=\"SectorsA SERVEI SAU, oferim una \u00e0mplia gamma de maquin\u00e0ria i solucions t\u00e8cniques que s&#039;adapten a diferents sectors i tipus de treball. La nostra flota est\u00e0 preparada per donar resposta a m\u00faltiples escenaris operatius, amb equips vers\u00e0tils, segurs i eficients. La nostra maquin\u00e0ria tot terreny i de gran capacitat \u00e9s ideal per a obres de construcci\u00f3, obra civil i moviments de terra. Posem a la teva disposici\u00f3: Plataformes [&hellip;]\" \/>\n<meta property=\"og:url\" content=\"https:\/\/servei.es\/sectores\/\" \/>\n<meta property=\"og:site_name\" content=\"Servei\" \/>\n<meta property=\"article:modified_time\" content=\"2025-08-27T11:42:57+00:00\" \/>\n<meta name=\"twitter:card\" content=\"summary_large_image\" \/>\n<meta name=\"twitter:label1\" content=\"Temps estimat de lectura\" \/>\n\t<meta name=\"twitter:data1\" content=\"7 minuts\" \/>\n<script type=\"application\/ld+json\" class=\"yoast-schema-graph\">{\"@context\":\"https:\/\/schema.org\",\"@graph\":[{\"@type\":\"WebPage\",\"@id\":\"https:\/\/servei.es\/sectores\/\",\"url\":\"https:\/\/servei.es\/sectores\/\",\"name\":\"Sectors - Servei\",\"isPartOf\":{\"@id\":\"https:\/\/servei.es\/#website\"},\"datePublished\":\"2025-02-23T16:48:18+00:00\",\"dateModified\":\"2025-08-27T11:42:57+00:00\",\"breadcrumb\":{\"@id\":\"https:\/\/servei.es\/sectores\/#breadcrumb\"},\"inLanguage\":\"ca\",\"potentialAction\":[{\"@type\":\"ReadAction\",\"target\":[\"https:\/\/servei.es\/sectores\/\"]}]},{\"@type\":\"BreadcrumbList\",\"@id\":\"https:\/\/servei.es\/sectores\/#breadcrumb\",\"itemListElement\":[{\"@type\":\"ListItem\",\"position\":1,\"name\":\"Portada\",\"item\":\"https:\/\/servei.es\/\"},{\"@type\":\"ListItem\",\"position\":2,\"name\":\"Sectors\"}]},{\"@type\":\"WebSite\",\"@id\":\"https:\/\/servei.es\/#website\",\"url\":\"https:\/\/servei.es\/\",\"name\":\"Servei\",\"description\":\"\",\"potentialAction\":[{\"@type\":\"SearchAction\",\"target\":{\"@type\":\"EntryPoint\",\"urlTemplate\":\"https:\/\/servei.es\/?s={search_term_string}\"},\"query-input\":{\"@type\":\"PropertyValueSpecification\",\"valueRequired\":true,\"valueName\":\"search_term_string\"}}],\"inLanguage\":\"ca\"}]}<\/script>\n<!-- \/ Yoast SEO plugin. -->","yoast_head_json":{"title":"Sectors - Servei","robots":{"index":"index","follow":"follow","max-snippet":"max-snippet:-1","max-image-preview":"max-image-preview:large","max-video-preview":"max-video-preview:-1"},"canonical":"https:\/\/servei.es\/sectores\/","og_locale":"ca_ES","og_type":"article","og_title":"Sectors - Servei","og_description":"SectorsA SERVEI SAU, oferim una \u00e0mplia gamma de maquin\u00e0ria i solucions t\u00e8cniques que s'adapten a diferents sectors i tipus de treball. La nostra flota est\u00e0 preparada per donar resposta a m\u00faltiples escenaris operatius, amb equips vers\u00e0tils, segurs i eficients. La nostra maquin\u00e0ria tot terreny i de gran capacitat \u00e9s ideal per a obres de construcci\u00f3, obra civil i moviments de terra. Posem a la teva disposici\u00f3: Plataformes [&hellip;]","og_url":"https:\/\/servei.es\/sectores\/","og_site_name":"Servei","article_modified_time":"2025-08-27T11:42:57+00:00","twitter_card":"summary_large_image","twitter_misc":{"Temps estimat de lectura":"7 minuts"},"schema":{"@context":"https:\/\/schema.org","@graph":[{"@type":"WebPage","@id":"https:\/\/servei.es\/sectores\/","url":"https:\/\/servei.es\/sectores\/","name":"Sectors - Servei","isPartOf":{"@id":"https:\/\/servei.es\/#website"},"datePublished":"2025-02-23T16:48:18+00:00","dateModified":"2025-08-27T11:42:57+00:00","breadcrumb":{"@id":"https:\/\/servei.es\/sectores\/#breadcrumb"},"inLanguage":"ca","potentialAction":[{"@type":"ReadAction","target":["https:\/\/servei.es\/sectores\/"]}]},{"@type":"BreadcrumbList","@id":"https:\/\/servei.es\/sectores\/#breadcrumb","itemListElement":[{"@type":"ListItem","position":1,"name":"Portada","item":"https:\/\/servei.es\/"},{"@type":"ListItem","position":2,"name":"Sectors"}]},{"@type":"WebSite","@id":"https:\/\/servei.es\/#website","url":"https:\/\/servei.es\/","name":"Servei","description":"","potentialAction":[{"@type":"SearchAction","target":{"@type":"EntryPoint","urlTemplate":"https:\/\/servei.es\/?s={search_term_string}"},"query-input":{"@type":"PropertyValueSpecification","valueRequired":true,"valueName":"search_term_string"}}],"inLanguage":"ca"}]}},"_links":{"self":[{"href":"https:\/\/servei.es\/ca\/wp-json\/wp\/v2\/pages\/1831","targetHints":{"allow":["GET"]}}],"collection":[{"href":"https:\/\/servei.es\/ca\/wp-json\/wp\/v2\/pages"}],"about":[{"href":"https:\/\/servei.es\/ca\/wp-json\/wp\/v2\/types\/page"}],"author":[{"embeddable":true,"href":"https:\/\/servei.es\/ca\/wp-json\/wp\/v2\/users\/2"}],"replies":[{"embeddable":true,"href":"https:\/\/servei.es\/ca\/wp-json\/wp\/v2\/comments?post=1831"}],"version-history":[{"count":2,"href":"https:\/\/servei.es\/ca\/wp-json\/wp\/v2\/pages\/1831\/revisions"}],"predecessor-version":[{"id":2732,"href":"https:\/\/servei.es\/ca\/wp-json\/wp\/v2\/pages\/1831\/revisions\/2732"}],"wp:attachment":[{"href":"https:\/\/servei.es\/ca\/wp-json\/wp\/v2\/media?parent=1831"}],"curies":[{"name":"wp","href":"https:\/\/api.w.org\/{rel}","templated":true}]}}