{"id":1796,"date":"2025-02-23T18:05:45","date_gmt":"2025-02-23T18:05:45","guid":{"rendered":"https:\/\/servei.es\/demana-el-teu-pressupost\/"},"modified":"2025-05-23T11:20:54","modified_gmt":"2025-05-23T11:20:54","slug":"demana-el-teu-pressupost","status":"publish","type":"page","link":"https:\/\/servei.es\/ca\/demana-el-teu-pressupost\/","title":{"rendered":"Demana el teu pressupost"},"content":{"rendered":"<p>[et_pb_section fb_built=&#8221;1&#8243; _builder_version=&#8221;4.27.4&#8243; _module_preset=&#8221;default&#8221; background_color=&#8221;#FFFFFF&#8221; background_enable_image=&#8221;off&#8221; background_position=&#8221;top_center&#8221; custom_padding=&#8221;3em||9em||false|false&#8221; locked=&#8221;off&#8221; global_colors_info=&#8221;{}&#8221;][et_pb_row column_structure=&#8221;1_4,1_2,1_4&#8243; use_custom_gutter=&#8221;on&#8221; gutter_width=&#8221;2&#8243; _builder_version=&#8221;4.27.4&#8243; _module_preset=&#8221;default&#8221; global_colors_info=&#8221;{}&#8221;][et_pb_column type=&#8221;1_4&#8243; _builder_version=&#8221;4.27.4&#8243; _module_preset=&#8221;default&#8221; global_colors_info=&#8221;{}&#8221;][dsm_icon_list _builder_version=&#8221;4.27.4&#8243; _module_preset=&#8221;default&#8221; animation_style=&#8221;slide&#8221; animation_direction=&#8221;bottom&#8221; animation_duration=&#8221;1100ms&#8221; animation_intensity_slide=&#8221;10%&#8221; global_colors_info=&#8221;{}&#8221;][\/dsm_icon_list][\/et_pb_column][et_pb_column type=&#8221;1_2&#8243; module_class=&#8221;customAcordeon&#8221; _builder_version=&#8221;4.27.4&#8243; _module_preset=&#8221;default&#8221; custom_css_free_form=&#8221;.customAcordeon .et_pb_toggle_title:before {||  left: -50px !important;||}&#8221; global_colors_info=&#8221;{}&#8221;][et_pb_text _builder_version=&#8221;4.27.4&#8243; _module_preset=&#8221;default&#8221; header_2_font_size=&#8221;40px&#8221; width=&#8221;85%&#8221; locked=&#8221;off&#8221; global_colors_info=&#8221;{}&#8221;]<\/p>\n<h2>Demana el teu pressupost<\/h2>\n<p>[\/et_pb_text][et_pb_text _builder_version=&#8221;4.27.4&#8243; _module_preset=&#8221;default&#8221; text_font_size=&#8221;18px&#8221; header_2_font_size=&#8221;40px&#8221; width=&#8221;85%&#8221; locked=&#8221;off&#8221; global_colors_info=&#8221;{}&#8221;]<\/p>\n<p>Si necessites m\u00e9s informaci\u00f3 sobre els nostres serveis, desitges sol\u00b7licitar un pressupost personalitzat o tens qualsevol altra consulta, no dubtis en posar-te en contacte amb nosaltres.<\/p>\n<p>[\/et_pb_text][dsm_contact_form_7 cf7_library=&#8221;732&#8243; show_validation=&#8221;on&#8221; input_background_color=&#8221;#FFFFFF&#8221; validation_error_background_color=&#8221;#FDF0F1&#8243; validation_success_background_color=&#8221;#8ee87a&#8221; module_class=&#8221;cf7_2columnas&#8221; _builder_version=&#8221;4.27.4&#8243; _module_preset=&#8221;default&#8221; input_textarea_select_text_color=&#8221;#000E29&#8243; input_textarea_select_font_size=&#8221;16px&#8221; radio_checkbox_text_color=&#8221;#000E29&#8243; radio_checkbox_font_size=&#8221;16px&#8221; error_msg_text_color=&#8221;#E22231&#8243; error_msg_line_height=&#8221;1em&#8221; success_validation_text_align=&#8221;center&#8221; success_validation_text_color=&#8221;#FFFFFF&#8221; custom_button_one=&#8221;on&#8221; button_one_text_size=&#8221;18px&#8221; button_one_text_color=&#8221;#FFFFFF&#8221; button_one_bg_color=&#8221;#E22231&#8243; button_one_border_width=&#8221;0px&#8221; button_one_border_radius=&#8221;0px&#8221; button_one_use_icon=&#8221;off&#8221; button_one_custom_padding=&#8221;18px|52px|18px|52px|false|true&#8221; animation_style=&#8221;slide&#8221; animation_direction=&#8221;bottom&#8221; animation_duration=&#8221;1100ms&#8221; animation_intensity_slide=&#8221;10%&#8221; hover_enabled=&#8221;0&#8243; border_width_all_image=&#8221;1px&#8221; border_color_all_image=&#8221;RGBA(0,14,41,0.25)&#8221; border_radii_error_validation=&#8221;on|8px|8px|8px|8px&#8221; border_width_all_error_validation=&#8221;8px&#8221; border_color_all_error_validation=&#8221;#FDF0F1&#8243; border_radii_validation_success=&#8221;on|5px|5px|5px|5px&#8221; border_width_all_validation_success=&#8221;5px&#8221; border_color_all_validation_success=&#8221;#8ee87a&#8221; global_colors_info=&#8221;{}&#8221; button_one_bg_color__hover_enabled=&#8221;on|desktop&#8221; button_one_bg_color__hover=&#8221;#000E29&#8243; button_one_bg_enable_color__hover=&#8221;on&#8221; radio_checkbox_font=&#8221;|300|||||||&#8221; sticky_enabled=&#8221;0&#8243;][\/dsm_contact_form_7][\/et_pb_column][et_pb_column type=&#8221;1_4&#8243; module_class=&#8221;customAcordeon&#8221; _builder_version=&#8221;4.27.4&#8243; _module_preset=&#8221;default&#8221; custom_css_free_form=&#8221;.customAcordeon .et_pb_toggle_title:before {||  left: -50px !important;||}&#8221; global_colors_info=&#8221;{}&#8221;][\/et_pb_column][\/et_pb_row][\/et_pb_section]<\/p>\n","protected":false},"excerpt":{"rendered":"<p><div class=\"et_pb_module dsm_icon_list dsm_icon_list_0 et_animated\">\n\t\t\t\t\n\t\t\t\t\n\t\t\t\t\n\t\t\t\t\n\t\t\t\t\n\t\t\t\t\n\t\t\t\t<div class=\"et_pb_module_inner\">\n\t\t\t\t\t<ul class=\"dsm_icon_list_items dsm_icon_list_ltr_direction dsm_icon_list_layout_vertical\"><\/ul>\n\t\t\t\t<\/div>\n\t\t\t<\/div>Demana el teu pressupostSi necessites m\u00e9s informaci\u00f3 sobre els nostres serveis, desitges sol\u00b7licitar un pressupost personalitzat o tens qualsevol altra consulta, no dubtis en posar-te en contacte amb nosaltres.<div class=\"et_pb_with_border et_pb_module dsm_contact_form_7 dsm_contact_form_7_0 cf7_2columnas et_animated\">\n\t\t\t\t\n\t\t\t\t\n\t\t\t\t\n\t\t\t\t\n\t\t\t\t\n\t\t\t\t\n\t\t\t\t<div class=\"et_pb_module_inner\">\n\t\t\t\t\t<div class=\"\">\n\t\t\t\t\n<div class=\"wpcf7 no-js\" id=\"wpcf7-f2058-o1\" lang=\"ca\" dir=\"ltr\" data-wpcf7-id=\"2058\">\n<div class=\"screen-reader-response\"><p role=\"status\" aria-live=\"polite\" aria-atomic=\"true\"><\/p> <ul><\/ul><\/div>\n<form action=\"\/ca\/wp-json\/wp\/v2\/pages\/1796#wpcf7-f2058-o1\" method=\"post\" class=\"wpcf7-form init\" aria-label=\"Formulari de contacte\" novalidate=\"novalidate\" data-status=\"init\">\n<fieldset class=\"hidden-fields-container\"><input type=\"hidden\" name=\"_wpcf7\" value=\"2058\" \/><input type=\"hidden\" name=\"_wpcf7_version\" value=\"6.1.5\" \/><input type=\"hidden\" name=\"_wpcf7_locale\" value=\"ca\" \/><input type=\"hidden\" name=\"_wpcf7_unit_tag\" value=\"wpcf7-f2058-o1\" \/><input type=\"hidden\" name=\"_wpcf7_container_post\" value=\"0\" \/><input type=\"hidden\" name=\"_wpcf7_posted_data_hash\" value=\"\" \/>\n<\/fieldset>\n<p><span class=\"wpcf7-form-control-wrap\" data-name=\"your-name\"><input size=\"40\" maxlength=\"400\" class=\"wpcf7-form-control wpcf7-text wpcf7-validates-as-required\" autocomplete=\"name\" aria-required=\"true\" aria-invalid=\"false\" placeholder=\"Nom i cognoms\" value=\"\" type=\"text\" name=\"your-name\" \/><\/span><br \/>\n<span class=\"wpcf7-form-control-wrap\" data-name=\"your-email\"><input size=\"40\" maxlength=\"400\" class=\"wpcf7-form-control wpcf7-email wpcf7-validates-as-required wpcf7-text wpcf7-validates-as-email\" aria-required=\"true\" aria-invalid=\"false\" placeholder=\"Correu electr\u00f2nic\" value=\"\" type=\"email\" name=\"your-email\" \/><\/span><br \/>\n<span class=\"wpcf7-form-control-wrap\" data-name=\"your-phone\"><input size=\"40\" maxlength=\"400\" class=\"wpcf7-form-control wpcf7-text wpcf7-validates-as-required\" autocomplete=\"phone\" aria-required=\"true\" aria-invalid=\"false\" placeholder=\"Tel\u00e8fon\" value=\"\" type=\"text\" name=\"your-phone\" \/><\/span><br \/>\n<span class=\"wpcf7-form-control-wrap\" data-name=\"your-location\"><input size=\"40\" maxlength=\"400\" class=\"wpcf7-form-control wpcf7-text wpcf7-validates-as-required\" autocomplete=\"poblation\" aria-required=\"true\" aria-invalid=\"false\" placeholder=\"Poblaci\u00f3\" value=\"\" type=\"text\" name=\"your-location\" \/><\/span><br \/>\n<span class=\"wpcf7-form-control-wrap\" data-name=\"your-company\"><input size=\"40\" maxlength=\"400\" class=\"wpcf7-form-control wpcf7-text wpcf7-validates-as-required\" aria-required=\"true\" aria-invalid=\"false\" placeholder=\"Empresa\" value=\"\" type=\"text\" name=\"your-company\" \/><\/span><br \/>\n<span class=\"wpcf7-form-control-wrap dsm-contact-form-7-select\" data-name=\"sector-activitat\"><select class=\"wpcf7-form-control wpcf7-select wpcf7-validates-as-required et_pb_contact_select input\" aria-required=\"true\" aria-invalid=\"false\" name=\"sector-activitat\"><option value=\"Ind\u00fastries, fabricants,\">Ind\u00fastries, fabricants,<\/option><option value=\"Construcci\u00f3\">Construcci\u00f3<\/option><option value=\"Manteniment, instal\u00b7ladors\">Manteniment, instal\u00b7ladors<\/option><option value=\"Pintors, paletes, rehabilitacions\">Pintors, paletes, rehabilitacions<\/option><option value=\"Fires, espectacles, esdeveniments\">Fires, espectacles, esdeveniments<\/option><option value=\"Magatzems, logistica, comer\u00e7os\">Magatzems, logistica, comer\u00e7os<\/option><option value=\"Transport, comunicacions, seguretat\">Transport, comunicacions, seguretat<\/option><option value=\"Alimentaci\u00f3, agricultura, ramaderia i pesca\">Alimentaci\u00f3, agricultura, ramaderia i pesca<\/option><option value=\"Serveis\">Serveis<\/option><option value=\"Altres activitats no descrites\">Altres activitats no descrites<\/option><\/select><\/span>\n<\/p>\n<div class=\"m1-bottom\">\n\t<p><strong>Estic interessat en...<br \/>\n[checkbox* maquin\u00e0ria-\u00fas \"Carretons elevadors\" \" Plataformes elevadores\" \" Carretons i manipuladors tot terreny\" \" Gesti\u00f3 i localitzaci\u00f3 de flotes via sat\u00e8l\u00b7lit\"]<\/strong>\n\t<\/p>\n<\/div>\n<div class=\"m1-top m1-bottom\">\n\t<p><strong>Vull...<br \/>\n<span class=\"wpcf7-form-control-wrap\" data-name=\"servei\"><span class=\"wpcf7-form-control wpcf7-checkbox wpcf7-validates-as-required\"><span class=\"wpcf7-list-item first\"><input type=\"checkbox\" name=\"servei[]\" value=\"Llogar a curt termini\" \/><span class=\"wpcf7-list-item-label\">Llogar a curt termini<\/span><\/span><span class=\"wpcf7-list-item\"><input type=\"checkbox\" name=\"servei[]\" value=\"Llogar a llarg termini\" \/><span class=\"wpcf7-list-item-label\">Llogar a llarg termini<\/span><\/span><span class=\"wpcf7-list-item last\"><input type=\"checkbox\" name=\"servei[]\" value=\"Servei t\u00e8cnic\" \/><span class=\"wpcf7-list-item-label\">Servei t\u00e8cnic<\/span><\/span><\/span><\/span><\/strong>\n\t<\/p>\n<\/div>\n<p><span class=\"wpcf7-form-control-wrap\" data-name=\"message\"><textarea cols=\"40\" rows=\"10\" maxlength=\"2000\" class=\"wpcf7-form-control wpcf7-textarea\" aria-invalid=\"false\" placeholder=\"Missatge\" name=\"message\"><\/textarea><\/span><br \/>\n<span class=\"wpcf7-form-control-wrap\" data-name=\"grpd\"><span class=\"wpcf7-form-control wpcf7-acceptance\"><span class=\"wpcf7-list-item\"><label><input type=\"checkbox\" name=\"grpd\" value=\"1\" aria-invalid=\"false\" \/><span class=\"wpcf7-list-item-label\">He llegit i accepto la pol\u00edtica de privadesa<\/span><\/label><\/span><\/span><\/span><br \/>\n<button class=\"wpcf7-form-control wpcf7-submit has-spinner et_pb_button et_pb_bg_layout_light\" type=\"submit\" value=\"Enviar\">Enviar<\/button>\n<\/p><div class=\"wpcf7-response-output\" aria-hidden=\"true\"><\/div>\n<\/form>\n<\/div>\n\n\t\t\t<\/div>\n\t\t\t\t<\/div>\n\t\t\t<\/div><\/p>\n","protected":false},"author":2,"featured_media":0,"parent":0,"menu_order":0,"comment_status":"closed","ping_status":"closed","template":"","meta":{"_acf_changed":false,"_et_pb_use_builder":"on","_et_pb_old_content":"","_et_gb_content_width":"","footnotes":""},"class_list":["post-1796","page","type-page","status-publish","hentry"],"acf":[],"yoast_head":"<!-- This site is optimized with the Yoast SEO plugin v27.0 - https:\/\/yoast.com\/product\/yoast-seo-wordpress\/ -->\n<title>Demana el teu pressupost - Servei<\/title>\n<meta name=\"robots\" content=\"index, follow, max-snippet:-1, max-image-preview:large, max-video-preview:-1\" \/>\n<link rel=\"canonical\" href=\"https:\/\/servei.es\/ca\/demana-el-teu-pressupost\/\" \/>\n<meta property=\"og:locale\" content=\"ca_ES\" \/>\n<meta property=\"og:type\" content=\"article\" \/>\n<meta property=\"og:title\" content=\"Demana el teu pressupost - Servei\" \/>\n<meta property=\"og:description\" content=\"Demana el teu pressupostSi necessites m\u00e9s informaci\u00f3 sobre els nostres serveis, desitges sol\u00b7licitar un pressupost personalitzat o tens qualsevol altra consulta, no dubtis en posar-te en contacte amb nosaltres.\" \/>\n<meta property=\"og:url\" content=\"https:\/\/servei.es\/ca\/demana-el-teu-pressupost\/\" \/>\n<meta property=\"og:site_name\" content=\"Servei\" \/>\n<meta property=\"article:modified_time\" content=\"2025-05-23T11:20:54+00:00\" \/>\n<meta name=\"twitter:card\" content=\"summary_large_image\" \/>\n<meta name=\"twitter:label1\" content=\"Temps estimat de lectura\" \/>\n\t<meta name=\"twitter:data1\" content=\"2 minuts\" \/>\n<script type=\"application\/ld+json\" class=\"yoast-schema-graph\">{\"@context\":\"https:\/\/schema.org\",\"@graph\":[{\"@type\":\"WebPage\",\"@id\":\"https:\/\/servei.es\/ca\/demana-el-teu-pressupost\/\",\"url\":\"https:\/\/servei.es\/ca\/demana-el-teu-pressupost\/\",\"name\":\"Demana el teu pressupost - Servei\",\"isPartOf\":{\"@id\":\"https:\/\/servei.es\/#website\"},\"datePublished\":\"2025-02-23T18:05:45+00:00\",\"dateModified\":\"2025-05-23T11:20:54+00:00\",\"breadcrumb\":{\"@id\":\"https:\/\/servei.es\/ca\/demana-el-teu-pressupost\/#breadcrumb\"},\"inLanguage\":\"ca\",\"potentialAction\":[{\"@type\":\"ReadAction\",\"target\":[\"https:\/\/servei.es\/ca\/demana-el-teu-pressupost\/\"]}]},{\"@type\":\"BreadcrumbList\",\"@id\":\"https:\/\/servei.es\/ca\/demana-el-teu-pressupost\/#breadcrumb\",\"itemListElement\":[{\"@type\":\"ListItem\",\"position\":1,\"name\":\"Portada\",\"item\":\"https:\/\/servei.es\/\"},{\"@type\":\"ListItem\",\"position\":2,\"name\":\"Demana el teu pressupost\"}]},{\"@type\":\"WebSite\",\"@id\":\"https:\/\/servei.es\/#website\",\"url\":\"https:\/\/servei.es\/\",\"name\":\"Servei\",\"description\":\"\",\"potentialAction\":[{\"@type\":\"SearchAction\",\"target\":{\"@type\":\"EntryPoint\",\"urlTemplate\":\"https:\/\/servei.es\/?s={search_term_string}\"},\"query-input\":{\"@type\":\"PropertyValueSpecification\",\"valueRequired\":true,\"valueName\":\"search_term_string\"}}],\"inLanguage\":\"ca\"}]}<\/script>\n<!-- \/ Yoast SEO plugin. -->","yoast_head_json":{"title":"Demana el teu pressupost - Servei","robots":{"index":"index","follow":"follow","max-snippet":"max-snippet:-1","max-image-preview":"max-image-preview:large","max-video-preview":"max-video-preview:-1"},"canonical":"https:\/\/servei.es\/ca\/demana-el-teu-pressupost\/","og_locale":"ca_ES","og_type":"article","og_title":"Demana el teu pressupost - Servei","og_description":"Demana el teu pressupostSi necessites m\u00e9s informaci\u00f3 sobre els nostres serveis, desitges sol\u00b7licitar un pressupost personalitzat o tens qualsevol altra consulta, no dubtis en posar-te en contacte amb nosaltres.","og_url":"https:\/\/servei.es\/ca\/demana-el-teu-pressupost\/","og_site_name":"Servei","article_modified_time":"2025-05-23T11:20:54+00:00","twitter_card":"summary_large_image","twitter_misc":{"Temps estimat de lectura":"2 minuts"},"schema":{"@context":"https:\/\/schema.org","@graph":[{"@type":"WebPage","@id":"https:\/\/servei.es\/ca\/demana-el-teu-pressupost\/","url":"https:\/\/servei.es\/ca\/demana-el-teu-pressupost\/","name":"Demana el teu pressupost - Servei","isPartOf":{"@id":"https:\/\/servei.es\/#website"},"datePublished":"2025-02-23T18:05:45+00:00","dateModified":"2025-05-23T11:20:54+00:00","breadcrumb":{"@id":"https:\/\/servei.es\/ca\/demana-el-teu-pressupost\/#breadcrumb"},"inLanguage":"ca","potentialAction":[{"@type":"ReadAction","target":["https:\/\/servei.es\/ca\/demana-el-teu-pressupost\/"]}]},{"@type":"BreadcrumbList","@id":"https:\/\/servei.es\/ca\/demana-el-teu-pressupost\/#breadcrumb","itemListElement":[{"@type":"ListItem","position":1,"name":"Portada","item":"https:\/\/servei.es\/"},{"@type":"ListItem","position":2,"name":"Demana el teu pressupost"}]},{"@type":"WebSite","@id":"https:\/\/servei.es\/#website","url":"https:\/\/servei.es\/","name":"Servei","description":"","potentialAction":[{"@type":"SearchAction","target":{"@type":"EntryPoint","urlTemplate":"https:\/\/servei.es\/?s={search_term_string}"},"query-input":{"@type":"PropertyValueSpecification","valueRequired":true,"valueName":"search_term_string"}}],"inLanguage":"ca"}]}},"_links":{"self":[{"href":"https:\/\/servei.es\/ca\/wp-json\/wp\/v2\/pages\/1796","targetHints":{"allow":["GET"]}}],"collection":[{"href":"https:\/\/servei.es\/ca\/wp-json\/wp\/v2\/pages"}],"about":[{"href":"https:\/\/servei.es\/ca\/wp-json\/wp\/v2\/types\/page"}],"author":[{"embeddable":true,"href":"https:\/\/servei.es\/ca\/wp-json\/wp\/v2\/users\/2"}],"replies":[{"embeddable":true,"href":"https:\/\/servei.es\/ca\/wp-json\/wp\/v2\/comments?post=1796"}],"version-history":[{"count":0,"href":"https:\/\/servei.es\/ca\/wp-json\/wp\/v2\/pages\/1796\/revisions"}],"wp:attachment":[{"href":"https:\/\/servei.es\/ca\/wp-json\/wp\/v2\/media?parent=1796"}],"curies":[{"name":"wp","href":"https:\/\/api.w.org\/{rel}","templated":true}]}}